{"id":18326,"date":"2017-03-06T11:28:33","date_gmt":"2017-03-06T09:28:33","guid":{"rendered":"http:\/\/www.smile2.com.tr\/?page_id=18326"},"modified":"2017-03-07T16:07:47","modified_gmt":"2017-03-07T14:07:47","slug":"online-egitim-seminer-toplanti","status":"publish","type":"page","link":"https:\/\/www.smile2.com.tr\/de\/online-egitim-seminer-toplanti\/","title":{"rendered":"SSH"},"content":{"rendered":"<p>[vc_row type=&#8221;csrow-colno-padding &#8221; bg_video_color=&#8221;#ffffff&#8221; bg_video_transparent=&#8221;0.5&#8243; el_class=&#8221;angle-30-mobile&#8221; css=&#8221;.vc_custom_1487251760242{background-position: center !important;background-repeat: no-repeat !important;background-size: cover !important;}&#8221;][vc_column column_style=&#8221;&#8221; list_style=&#8221;&#8221;][rev_slider_vc alias=&#8221;faq&#8221;][\/vc_column][\/vc_row][vc_row type=&#8221;ww-custom&#8221; engle_position=&#8221;engle-bottom-left&#8221; engle_color=&#8221;#f5f5f5&#8243; engle_border_color=&#8221;#270c38&#8243; engle_border_width=&#8221;6&#8243; curve_color2=&#8221;#f5f5f5&#8243; curve_position=&#8221;&#8221;][vc_column column_style=&#8221;&#8221; list_style=&#8221;&#8221;][vc_empty_space height=&#8221;70px&#8221;][vc_accordion active_tab=&#8221;false&#8221;][vc_accordion_tab title=&#8221;Online E\u011fitim Nedir?&#8221; color_hover=&#8221;#00accb&#8221; border_color_tab=&#8221;#00accb&#8221; bg_color_tab=&#8221;#00accb&#8221; color_tab=&#8221;#00accb&#8221;][vc_column_text]Bir veya birden fazla kursiyer i\u00e7in, internet \u00fczerinde verilen canl\u0131 ve etkile\u015fimli \u00e7evrimi\u00e7i e\u011fitimdir. Kursiyerler;<\/p>\n<ul>\n<li>-\u0130nternet arac\u0131l\u0131\u011f\u0131yla belirlenen saatte; kendilerine verilen kullan\u0131c\u0131 ad\u0131 ve \u015fifrelerini kullanarak online e\u011fitim s\u0131n\u0131fa ba\u011flan\u0131rlar.<\/li>\n<li>-Evde ya da bulunulan ortamda, bilgisayar veya ak\u0131ll\u0131 telefonlarla e\u011fitim takip edebilir.<\/li>\n<li>-E\u011fitime aktif olarak kat\u0131labilir, sorular\u0131 cevapland\u0131rabilir ya da s\u00f6z verildi\u011finde, sesli ve g\u00f6r\u00fcnt\u00fcl\u00fc ba\u011flant\u0131 yaparak soru sorabilir.<\/li>\n<\/ul>\n<p>[\/vc_column_text][\/vc_accordion_tab][vc_accordion_tab title=&#8221;Temel Gereksinimler:&#8221; color_hover=&#8221;#9edd7f&#8221;][vc_column_text]<\/p>\n<ul>\n<li>-En az 4 MBit h\u0131z\u0131nda internet ba\u011flant\u0131s\u0131. (Ba\u011flant\u0131 h\u0131z\u0131 ne kadar y\u00fcksek olursa sistemden al\u0131nacak verim de o oranda artacakt\u0131r.)<\/li>\n<li>-Kulakl\u0131 mikrofon. (Kulakl\u0131k kullan\u0131lmas\u0131 hem duymay\u0131 kolayla\u015ft\u0131r\u0131r, hem de s\u00f6z verildi\u011finde \u00e7evredeki seslerin di\u011fer \u00f6\u011frencileri rahats\u0131z etmesinin \u00f6n\u00fcne ge\u00e7ilir.)<\/li>\n<li>-Kamera, kulakl\u0131k ve mikrofonun e\u011fitime ba\u011flan\u0131lmadan \u00f6nce, bilgisayarda d\u00fczg\u00fcn \u00e7al\u0131\u015ft\u0131\u011f\u0131ndan emin olunmal\u0131d\u0131r. (Ses giri\u015flerinin do\u011fru yap\u0131ld\u0131\u011f\u0131ndan, kulakl\u0131\u011f\u0131n ve mikrofonun d\u00fczg\u00fcn \u00e7al\u0131\u015ft\u0131\u011f\u0131ndan emin olunmal\u0131d\u0131r.)<\/li>\n<li>-T\u00fcm kullan\u0131c\u0131lar\u0131n son anda d\u00e2hil oldu\u011fu sistemlerde, zaman zaman sorunlar \u00e7\u0131kabildi\u011finden; e\u011fitimin ba\u015flama saatinden 10 dakika \u00f6nce sisteme d\u00e2hil olunmas\u0131 gerekmektedir.<\/li>\n<\/ul>\n<p>[\/vc_column_text][\/vc_accordion_tab][vc_accordion_tab title=&#8221;Online E\u011fitime Giri\u015f:&#8221;][vc_row_inner][vc_column_inner width=&#8221;2\/3&#8243;][vc_column_text]<\/p>\n<ul>\n<li>-Sisteme; bilgisayar, ak\u0131ll\u0131 telefon veya cihazlar yard\u0131m\u0131yla giri\u015f yap\u0131labilmektedir.<\/li>\n<li>-Bilgisayar ile sisteme girmek i\u00e7in internet taray\u0131c\u0131s\u0131n\u0131n adres sat\u0131r\u0131na, verilen<br \/>\nlink yaz\u0131larak Online E\u011fitim web sayfas\u0131na giri\u015f sa\u011flan\u0131r.<\/li>\n<li>&#8211; Ak\u0131ll\u0131 telefon veya cihazlarla sisteme girebilmek i\u00e7in, \u00f6ncelikle cihaz\u0131n uygun<br \/>\nmobil uygulama marketlerinden Adobe Connect uygulamas\u0131n\u0131n indirilmesi gerekmektedir. Daha sonra uygulamay\u0131 \u00e7al\u0131\u015ft\u0131r\u0131larak verilen link, ilgili yere<br \/>\nyaz\u0131labilir.<\/li>\n<li>&#8211;<strong>\u201cKullan\u0131c\u0131 Ad\u0131\u201d<\/strong> metin kutusuna; kursiyer i\u00e7in tan\u0131mlanan kullan\u0131c\u0131 ad\u0131n\u0131n,<strong>\u201cParola\u201d<\/strong> metin kutusuna; kullan\u0131c\u0131 \u015fifresinin yaz\u0131lmas\u0131 ve <strong>\u201cOturum A\u00e7\u201d<\/strong>butonunun t\u0131klanmas\u0131 gerekmektedir.<\/li>\n<\/ul>\n<p>[\/vc_column_text][\/vc_column_inner][vc_column_inner width=&#8221;1\/3&#8243;][vc_single_image image=&#8221;18334&#8243; img_size=&#8221;full&#8221;][\/vc_column_inner][\/vc_row_inner][\/vc_accordion_tab][vc_accordion_tab title=&#8221;Ses Duyulmuyorsa:&#8221;][vc_column_text]Online e\u011fitim salonuna giri\u015f yap\u0131ld\u0131\u011f\u0131 halde herhangi bir ses duyulmuyorsa:<\/p>\n<ul>\n<ul>\n<li>-Hoparl\u00f6r\/kulakl\u0131kta sorun olabilir. Bilgisayarda deneme yap\u0131lmal\u0131, gerekli ise hoparl\u00f6r\/kulakl\u0131k de\u011fi\u015ftirilmelidir.<\/li>\n<li>-Ses giri\u015f yanl\u0131\u015f olabilir. Ses kart\u0131 (genellikle ye\u015fil renklidir), hoparl\u00f6r giri\u015fine tak\u0131lmal\u0131 ve tekrar denenmelidir.<\/li>\n<li>-\u00dcst men\u00fcde yer alan ses simgesi kapal\u0131 konumda ise a\u00e7\u0131k hale getirilmelidir.<\/li>\n<\/ul>\n<\/ul>\n<p><img loading=\"lazy\" class=\"alignnone size-medium wp-image-18335\" src=\"http:\/\/www.smile2.com.tr\/wp-content\/uploads\/2017\/03\/sesDuyulmiyorsa-300x81.png\" alt=\"\" width=\"150\" height=\"40\" srcset=\"https:\/\/www.smile2.com.tr\/wp-content\/uploads\/2017\/03\/sesDuyulmiyorsa-300x81.png 300w, https:\/\/www.smile2.com.tr\/wp-content\/uploads\/2017\/03\/sesDuyulmiyorsa.png 327w\" sizes=\"(max-width: 150px) 100vw, 150px\" \/><\/p>\n<ul>\n<li>-Online e\u011fitim hen\u00fcz ba\u015flamam\u0131\u015f olabilir, bu nedenle toplant\u0131 sahibi sesi hen\u00fcz a\u00e7mam\u0131\u015f olabilir.<\/li>\n<\/ul>\n<p>[\/vc_column_text][\/vc_accordion_tab][vc_accordion_tab title=&#8221;S\u00f6z Hakk\u0131 \u0130steme:&#8221;][vc_row_inner][vc_column_inner width=&#8221;2\/3&#8243;][vc_column_text]<\/p>\n<ul>\n<li>-\u00dcst men\u00fcde yer alan \u201cS\u00f6z Hakk\u0131 \u0130ste\u201d d\u00fc\u011fmesine t\u0131klanarak toplant\u0131 sahibinin kabul etmesi beklenir. S\u00f6z verildi\u011finde; sa\u011f \u00fcst k\u00f6\u015fede uyar\u0131 belirecektir. Mikrofon d\u00fc\u011fmesine t\u0131klan\u0131p, mikrofon aktif edildikten sonra konu\u015fulabilir. Konu\u015fma esnas\u0131nda kulakl\u0131kl\u0131 mikrofon kullan\u0131lm\u0131yorsa ve hoparl\u00f6r a\u00e7\u0131k ise, ses yank\u0131 yapabilece\u011finden hoparl\u00f6r kapat\u0131lmal\u0131d\u0131r.<\/li>\n<li>-E\u011fitim esnas\u0131nda, s\u00f6z hakk\u0131 isteme d\u00fc\u011fmesindeki di\u011fer ifadelerle e\u011fitime kat\u0131l\u0131nabilinir; ancak \u201cS\u00f6z Hakk\u0131 \u0130ste\u201d se\u00e7ene\u011fi, sadece e\u011fitmen s\u00f6z hakk\u0131 verece\u011fini belirtti\u011fi zaman kullan\u0131lmal\u0131d\u0131r.<\/li>\n<\/ul>\n<p>[\/vc_column_text][\/vc_column_inner][vc_column_inner width=&#8221;1\/3&#8243;][vc_single_image image=&#8221;18336&#8243; img_size=&#8221;full&#8221;][\/vc_column_inner][\/vc_row_inner][\/vc_accordion_tab][vc_accordion_tab title=&#8221;S\u00f6z Hakk\u0131 Verilirse Ses Ba\u015flatma:&#8221;][vc_column_text]<img loading=\"lazy\" class=\"alignnone size-medium wp-image-18337\" src=\"http:\/\/www.smile2.com.tr\/wp-content\/uploads\/2017\/03\/sozHakkiVerilirse-300x62.png\" alt=\"\" width=\"150\" height=\"31\" srcset=\"https:\/\/www.smile2.com.tr\/wp-content\/uploads\/2017\/03\/sozHakkiVerilirse-300x62.png 300w, https:\/\/www.smile2.com.tr\/wp-content\/uploads\/2017\/03\/sozHakkiVerilirse.png 489w\" sizes=\"(max-width: 150px) 100vw, 150px\" \/><\/p>\n<ul>\n<li>-S\u00f6z hakk\u0131 verildi\u011finde, toplant\u0131 sahibi kullan\u0131c\u0131 sesini etkinle\u015ftirmi\u015f ise kullan\u0131c\u0131 konu\u015fabilir. Toplant\u0131 sahibi sesi etkinle\u015ftirdi\u011finde, \u00fcst men\u00fcde mikrofon simgesi aktif olacakt\u0131r. Ayn\u0131 anda \u201cSes Haklar\u0131 Verildi\u201d uyar\u0131s\u0131 \u00e7\u0131kar ve kullan\u0131c\u0131 isminin yan\u0131nda mikrofon simgesi belirir.<\/li>\n<li>-Mikrofon simgesi belirmesine ra\u011fmen, kullan\u0131c\u0131 sesi kar\u015f\u0131ya gitmiyorsa; mikrofon simgesine t\u0131klan\u0131p \u201cSesimi Ba\u011fla\u201d se\u00e7ene\u011fine t\u0131klanmal\u0131d\u0131r. Mikrofon ayarlar\u0131nda s\u0131k\u0131nt\u0131 yoksa ve mikrofon do\u011fru yere ba\u011flanm\u0131\u015fsa, kullan\u0131c\u0131 sesi d\u00fczg\u00fcn bir \u015fekilde ula\u015facakt\u0131r.<\/li>\n<\/ul>\n<p>[\/vc_column_text][\/vc_accordion_tab][vc_accordion_tab title=&#8221;S\u00f6z Hakk\u0131 Verilirse Kamera Ba\u015flatma:&#8221;][vc_row_inner][vc_column_inner width=&#8221;2\/3&#8243;][vc_column_text]<img loading=\"lazy\" class=\"alignnone size-medium wp-image-18338\" src=\"http:\/\/www.smile2.com.tr\/wp-content\/uploads\/2017\/03\/sozHakkiVerilirseKamera-300x46.png\" alt=\"\" width=\"150\" height=\"23\" srcset=\"https:\/\/www.smile2.com.tr\/wp-content\/uploads\/2017\/03\/sozHakkiVerilirseKamera-300x46.png 300w, https:\/\/www.smile2.com.tr\/wp-content\/uploads\/2017\/03\/sozHakkiVerilirseKamera.png 468w\" sizes=\"(max-width: 150px) 100vw, 150px\" \/><\/p>\n<ul>\n<li>-S\u00f6z hakk\u0131 verildikten sonra toplant\u0131 sahibi, kullan\u0131c\u0131n\u0131n kameras\u0131n\u0131 kullanmas\u0131 i\u00e7in aktif edebilir. Bu durumda video payla\u015f\u0131m ekran\u0131nda \u201cWeb Kameram\u0131 Ba\u015flat\u201d d\u00fc\u011fmesi aktif olur. Bu d\u00fc\u011fmeye t\u0131klanmas\u0131 gerekmektedir. Toplant\u0131 sahibi, kullan\u0131c\u0131 kameras\u0131n\u0131 aktif etmedi\u011fi s\u00fcrece kamera kullan\u0131lamaz.<\/li>\n<li>-\u201cWeb Kameram\u0131 Ba\u015flat\u201d d\u00fc\u011fmesine t\u0131kland\u0131ktan sonra ekrana gelen uyar\u0131 penceresinden \u201cAllow \/ \u0130zin Ver\u201d d\u00fc\u011fmesi t\u0131klanmal\u0131d\u0131r.<\/li>\n<li>-Video b\u00f6l\u00fcm\u00fcnde; kullan\u0131c\u0131 kendi g\u00f6r\u00fcnt\u00fcs\u00fcn\u00fc g\u00f6rd\u00fckten sonra \u201cPayla\u015f\u0131m\u0131 Ba\u015flat\u201d d\u00fc\u011fmesine t\u0131klamal\u0131d\u0131r. Aksi halde, toplant\u0131 sahibi ve kat\u0131l\u0131mc\u0131lar,kullan\u0131c\u0131y\u0131 g\u00f6remez.<\/li>\n<\/ul>\n<p>[\/vc_column_text][\/vc_column_inner][vc_column_inner width=&#8221;1\/3&#8243;][vc_single_image image=&#8221;18339&#8243; img_size=&#8221;full&#8221;][\/vc_column_inner][\/vc_row_inner][\/vc_accordion_tab][vc_accordion_tab title=&#8221;Sohbet Ekran\u0131:&#8221;][vc_row_inner][vc_column_inner width=&#8221;2\/3&#8243;][vc_column_text]<\/p>\n<ul>\n<li>-Sohbet ekran\u0131; kat\u0131l\u0131mc\u0131 ve toplant\u0131 sahibine iletilmek istenilen iletilerin yaz\u0131labilindi\u011fi aland\u0131r. Burada, alttaki sekmede \u201cHerkes\u201d ibaresi beliriyorsa; kullan\u0131c\u0131lar\u0131n yazd\u0131klar\u0131, t\u00fcm kat\u0131l\u0131mc\u0131lar taraf\u0131ndan g\u00f6r\u00fcl\u00fcr.<\/li>\n<li>-Sohbet alan\u0131 gereksiz kullan\u0131lmamal\u0131d\u0131r. Bu alana yaz\u0131lan her t\u00fcrl\u00fc yaz\u0131 kaydedilmektedir.<\/li>\n<li>-Bu alan\u0131n, e\u011fitmen soru sordu\u011funda kullan\u0131lmas\u0131 gerekmektedir.<\/li>\n<li>-Tekrarl\u0131 cevap verilmemesi gerekir. E\u011fitmenin sorusunu yaln\u0131zca 1 (bir) kez cevaplamak yetecektir.<\/li>\n<\/ul>\n<p>[\/vc_column_text][\/vc_column_inner][vc_column_inner width=&#8221;1\/3&#8243;][vc_single_image image=&#8221;18340&#8243; img_size=&#8221;full&#8221;][\/vc_column_inner][\/vc_row_inner][\/vc_accordion_tab][vc_accordion_tab title=&#8221;Anket Uygulamas\u0131:&#8221;][vc_row_inner][vc_column_inner width=&#8221;2\/3&#8243;][vc_column_text]<\/p>\n<ul>\n<li>-Online E\u011fitim s\u0131ras\u0131nda\/sonras\u0131nda\/\u00f6ncesinde, ekranda bir anket \u00e7\u0131karsa; ekranda beliren ankette, kullan\u0131c\u0131ya uygun olan se\u00e7ene\u011fin se\u00e7ilmesi yeterlidir. Herhangi bir onaya gerek yoktur. Anket a\u00e7\u0131k oldu\u011fu s\u00fcrece verilen cevap de\u011fi\u015ftirilebilir.<\/li>\n<li>-Anket b\u00f6l\u00fcm\u00fc; e\u011fitmenin sordu\u011fu soruya cevap verilebilmesi i\u00e7in de d\u00fczenlenmi\u015f olabilir. Bu durumda; cevaplar\u0131n sohbet alan\u0131ndan de\u011fil anket b\u00f6l\u00fcm\u00fcnden verilmesi gerekmektedir.<\/li>\n<li>-Online E\u011fitim s\u0131ras\u0131nda; dosya payla\u015f\u0131m\u0131, test, soru cevap, web ba\u011flant\u0131s\u0131 gibi uygulamalar yap\u0131labilir. Bu tip bir uygulama i\u00e7in e\u011fitmenin y\u00f6nlendirmelerine uyulmas\u0131 gerekmektedir.<\/li>\n<\/ul>\n<p>[\/vc_column_text][\/vc_column_inner][vc_column_inner width=&#8221;1\/3&#8243;][vc_single_image image=&#8221;18341&#8243; img_size=&#8221;full&#8221;][\/vc_column_inner][\/vc_row_inner][\/vc_accordion_tab][\/vc_accordion][vc_empty_space height=&#8221;70px&#8221;][\/vc_column][\/vc_row]<\/p>\n","protected":false},"excerpt":{"rendered":"<p>[vc_row type=&#8221;csrow-colno-padding &#8221; bg_video_color=&#8221;#ffffff&#8221; bg_video_transparent=&#8221;0.5&#8243; el_class=&#8221;angle-30-mobile&#8221; css=&#8221;.vc_custom_1487251760242{background-position: center !important;background-repeat: no-repeat !important;background-size: cover !important;}&#8221;][vc_column column_style=&#8221;&#8221; list_style=&#8221;&#8221;][rev_slider_vc alias=&#8221;faq&#8221;][\/vc_column][\/vc_row][vc_row type=&#8221;ww-custom&#8221; engle_position=&#8221;engle-bottom-left&#8221; engle_color=&#8221;#f5f5f5&#8243; engle_border_color=&#8221;#270c38&#8243; engle_border_width=&#8221;6&#8243; curve_color2=&#8221;#f5f5f5&#8243; curve_position=&#8221;&#8221;][vc_column column_style=&#8221;&#8221; list_style=&#8221;&#8221;][vc_empty_space height=&#8221;70px&#8221;][vc_accordion active_tab=&#8221;false&#8221;][vc_accordion_tab title=&#8221;Online E\u011fitim Nedir?&#8221; color_hover=&#8221;#00accb&#8221; border_color_tab=&#8221;#00accb&#8221; bg_color_tab=&#8221;#00accb&#8221; color_tab=&#8221;#00accb&#8221;][vc_column_text]Bir veya birden fazla kursiyer i\u00e7in, internet \u00fczerinde verilen canl\u0131 ve etkile\u015fimli \u00e7evrimi\u00e7i e\u011fitimdir. Kursiyerler; -\u0130nternet arac\u0131l\u0131\u011f\u0131yla belirlenen saatte; kendilerine verilen kullan\u0131c\u0131 [&hellip;]<\/p>\n","protected":false},"author":1,"featured_media":0,"parent":0,"menu_order":0,"comment_status":"closed","ping_status":"closed","template":"","meta":[],"yoast_head":"<!-- This site is optimized with the Yoast SEO plugin v15.6.2 - https:\/\/yoast.com\/wordpress\/plugins\/seo\/ -->\n<title>SSH - smile2 T\u00fcrkiye<\/title>\n<meta name=\"robots\" content=\"index, follow, max-snippet:-1, max-image-preview:large, max-video-preview:-1\" \/>\n<link rel=\"canonical\" href=\"https:\/\/www.smile2.com.tr\/de\/online-egitim-seminer-toplanti\/\" \/>\n<meta property=\"og:locale\" content=\"de_DE\" \/>\n<meta property=\"og:type\" content=\"article\" \/>\n<meta property=\"og:title\" content=\"SSH - smile2 T\u00fcrkiye\" \/>\n<meta property=\"og:description\" content=\"[vc_row type=&#8221;csrow-colno-padding &#8221; bg_video_color=&#8221;#ffffff&#8221; bg_video_transparent=&#8221;0.5&#8243; el_class=&#8221;angle-30-mobile&#8221; css=&#8221;.vc_custom_1487251760242{background-position: center !important;background-repeat: no-repeat !important;background-size: cover !important;}&#8221;][vc_column column_style=&#8221;&#8221; list_style=&#8221;&#8221;][rev_slider_vc alias=&#8221;faq&#8221;][\/vc_column][\/vc_row][vc_row type=&#8221;ww-custom&#8221; engle_position=&#8221;engle-bottom-left&#8221; engle_color=&#8221;#f5f5f5&#8243; engle_border_color=&#8221;#270c38&#8243; engle_border_width=&#8221;6&#8243; curve_color2=&#8221;#f5f5f5&#8243; curve_position=&#8221;&#8221;][vc_column column_style=&#8221;&#8221; list_style=&#8221;&#8221;][vc_empty_space height=&#8221;70px&#8221;][vc_accordion active_tab=&#8221;false&#8221;][vc_accordion_tab title=&#8221;Online E\u011fitim Nedir?&#8221; color_hover=&#8221;#00accb&#8221; border_color_tab=&#8221;#00accb&#8221; bg_color_tab=&#8221;#00accb&#8221; color_tab=&#8221;#00accb&#8221;][vc_column_text]Bir veya birden fazla kursiyer i\u00e7in, internet \u00fczerinde verilen canl\u0131 ve etkile\u015fimli \u00e7evrimi\u00e7i e\u011fitimdir. Kursiyerler; -\u0130nternet arac\u0131l\u0131\u011f\u0131yla belirlenen saatte; kendilerine verilen kullan\u0131c\u0131 [&hellip;]\" \/>\n<meta property=\"og:url\" content=\"https:\/\/www.smile2.com.tr\/de\/online-egitim-seminer-toplanti\/\" \/>\n<meta property=\"og:site_name\" content=\"smile2 T\u00fcrkiye\" \/>\n<meta property=\"article:modified_time\" content=\"2017-03-07T14:07:47+00:00\" \/>\n<meta property=\"og:image\" content=\"http:\/\/www.smile2.com.tr\/wp-content\/uploads\/2017\/03\/sesDuyulmiyorsa-300x81.png\" \/>\n<meta name=\"twitter:card\" content=\"summary\" \/>\n<meta name=\"twitter:label1\" content=\"Gesch\u00e4tzte Lesezeit\">\n\t<meta name=\"twitter:data1\" content=\"7\u00a0Minuten\">\n<script type=\"application\/ld+json\" class=\"yoast-schema-graph\">{\"@context\":\"https:\/\/schema.org\",\"@graph\":[{\"@type\":\"WebSite\",\"@id\":\"https:\/\/www.smile2.com.tr\/#website\",\"url\":\"https:\/\/www.smile2.com.tr\/\",\"name\":\"smile2 T\\u00fcrkiye\",\"description\":\"\",\"potentialAction\":[{\"@type\":\"SearchAction\",\"target\":\"https:\/\/www.smile2.com.tr\/?s={search_term_string}\",\"query-input\":\"required name=search_term_string\"}],\"inLanguage\":\"de\"},{\"@type\":\"ImageObject\",\"@id\":\"https:\/\/www.smile2.com.tr\/de\/online-egitim-seminer-toplanti\/#primaryimage\",\"inLanguage\":\"de\",\"url\":\"http:\/\/www.smile2.com.tr\/wp-content\/uploads\/2017\/03\/sesDuyulmiyorsa-300x81.png\"},{\"@type\":\"WebPage\",\"@id\":\"https:\/\/www.smile2.com.tr\/de\/online-egitim-seminer-toplanti\/#webpage\",\"url\":\"https:\/\/www.smile2.com.tr\/de\/online-egitim-seminer-toplanti\/\",\"name\":\"SSH - smile2 T\\u00fcrkiye\",\"isPartOf\":{\"@id\":\"https:\/\/www.smile2.com.tr\/#website\"},\"primaryImageOfPage\":{\"@id\":\"https:\/\/www.smile2.com.tr\/de\/online-egitim-seminer-toplanti\/#primaryimage\"},\"datePublished\":\"2017-03-06T09:28:33+00:00\",\"dateModified\":\"2017-03-07T14:07:47+00:00\",\"inLanguage\":\"de\",\"potentialAction\":[{\"@type\":\"ReadAction\",\"target\":[\"https:\/\/www.smile2.com.tr\/de\/online-egitim-seminer-toplanti\/\"]}]}]}<\/script>\n<!-- \/ Yoast SEO plugin. -->","_links":{"self":[{"href":"https:\/\/www.smile2.com.tr\/de\/wp-json\/wp\/v2\/pages\/18326"}],"collection":[{"href":"https:\/\/www.smile2.com.tr\/de\/wp-json\/wp\/v2\/pages"}],"about":[{"href":"https:\/\/www.smile2.com.tr\/de\/wp-json\/wp\/v2\/types\/page"}],"author":[{"embeddable":true,"href":"https:\/\/www.smile2.com.tr\/de\/wp-json\/wp\/v2\/users\/1"}],"replies":[{"embeddable":true,"href":"https:\/\/www.smile2.com.tr\/de\/wp-json\/wp\/v2\/comments?post=18326"}],"version-history":[{"count":7,"href":"https:\/\/www.smile2.com.tr\/de\/wp-json\/wp\/v2\/pages\/18326\/revisions"}],"predecessor-version":[{"id":18330,"href":"https:\/\/www.smile2.com.tr\/de\/wp-json\/wp\/v2\/pages\/18326\/revisions\/18330"}],"wp:attachment":[{"href":"https:\/\/www.smile2.com.tr\/de\/wp-json\/wp\/v2\/media?parent=18326"}],"curies":[{"name":"wp","href":"https:\/\/api.w.org\/{rel}","templated":true}]}}