{"id":18208,"date":"2017-02-21T12:18:57","date_gmt":"2017-02-21T10:18:57","guid":{"rendered":"http:\/\/www.smile2.com.tr\/?page_id=18208"},"modified":"2017-03-10T18:46:34","modified_gmt":"2017-03-10T16:46:34","slug":"uber-uns","status":"publish","type":"page","link":"https:\/\/www.smile2.com.tr\/de\/uber-uns\/","title":{"rendered":"\u00dcber Uns"},"content":{"rendered":"<p>[vc_row type=&#8221;ww-custom&#8221; enable_curve2=&#8221;false&#8221; curve_color2=&#8221;#ffffff&#8221; enable_parallax=&#8221;1&#8243; bg_video_color=&#8221;#000000&#8243; bg_video_transparent=&#8221;0.7&#8243; disable_parallax_mobile=&#8221;false&#8221; css=&#8221;.vc_custom_1450081357633{padding-top: 300px !important;padding-bottom: 250px !important;background-image: url(http:\/\/demo.cmssuperheroes.com\/themeforest\/exo-theme\/wp-content\/uploads\/2015\/07\/agency1-light1.jpg?id=16662) !important;background-position: center !important;background-repeat: no-repeat !important;background-size: cover !important;}&#8221;][vc_column column_style=&#8221;&#8221; list_style=&#8221;&#8221;][vc_custom_heading text=&#8221;Einer f\u00fcr Alles&#8221; font_container=&#8221;tag:h2|font_size:46px|text_align:center|color:%23ffffff|line_height:56px&#8221; google_fonts=&#8221;font_family:Lato%3A100%2C100italic%2C300%2C300italic%2Cregular%2Citalic%2C700%2C700italic%2C900%2C900italic|font_style:300%20light%20regular%3A300%3Anormal&#8221; el_class=&#8221;agency1letterspace&#8221;][vc_custom_heading text=&#8221;smile2 bringt Sie einfacher, schneller und kosteng\u00fcnstiger voran&#8221; font_container=&#8221;tag:h3|font_size:16px|text_align:center|color:%23ffffff|line_height:22px&#8221; google_fonts=&#8221;font_family:Lato%3A100%2C100italic%2C300%2C300italic%2Cregular%2Citalic%2C700%2C700italic%2C900%2C900italic|font_style:700%20bold%20regular%3A700%3Anormal&#8221; el_class=&#8221;agency1letterspace&#8221;][\/vc_column][\/vc_row][vc_row full_width=&#8221;true&#8221;][vc_column][vc_empty_space height=&#8221;50px&#8221;][\/vc_column][vc_column width=&#8221;1\/2&#8243;][vc_single_image image=&#8221;18213&#8243; img_size=&#8221;full&#8221;][\/vc_column][vc_column width=&#8221;5\/12&#8243;][vc_custom_heading text=&#8221;smile2 Company&#8221; font_container=&#8221;tag:h5|font_size:26px|text_align:left|color:%2313151c|line_height:40px&#8221; google_fonts=&#8221;font_family:Lato%3A100%2C100italic%2C300%2C300italic%2Cregular%2Citalic%2C700%2C700italic%2C900%2C900italic|font_style:300%20light%20regular%3A300%3Anormal&#8221;][vc_empty_space height=&#8221;16px&#8221;][vc_separator color=&#8221;custom&#8221; arrow_color=&#8221;#424242&#8243; custom_sparator_width=&#8221;60px&#8221; accent_color=&#8221;#424242&#8243;][vc_empty_space height=&#8221;16px&#8221;][vc_column_text]<\/p>\n<p style=\"color: #a8a8a8;\">smile2 ist eines der f\u00fchrenden Portale f\u00fcr professionelle und moderierte Business Live Online-Seminare. Mit \u00fcber 1.900 Online-Seminar-Aufzeichnungen steht unseren exklusiven Membern das gr\u00f6\u00dfte Wissensarchiv ab dem ersten Tag zur Verf\u00fcgung.<\/p>\n<p style=\"color: #a8a8a8;\">Durch die Pr\u00e4senz der deutschsprachige Top-Trainer-Elite und den Erfahrungen aus \u00fcber 380.000 Teilnehmern ist smile2 ein einmaliges Online-Konzept.<\/p>\n<p>[\/vc_column_text][\/vc_column][\/vc_row][vc_row row_responsive_small=&#8221;1&#8243; row_responsive_extra_small=&#8221;1&#8243; css=&#8221;.vc_custom_1487676237606{padding-top: 350px !important;padding-bottom: 200px !important;background-image: url(http:\/\/www.smile2.com.tr\/wp-content\/uploads\/2017\/02\/worldmap1.png?id=18229) !important;background-position: 0 0 !important;background-repeat: no-repeat !important;}&#8221;][vc_column width=&#8221;1\/3&#8243; column_style=&#8221;&#8221; list_style=&#8221;&#8221;]<div id=\"cshero-counter69ecc037ce836_1777123383\" class=\"cshero-counter-wrap counter-layout1\" style=\" border-style: none;         \">\r\n\t\t<div class=\"cshero-counter-inner text-center\">\r\n\t\t\r\n\t\t<h4 id=\"counter_0\" class=\"counter \" style=\"font-size: 34px; color: #13151c; \" data-type=\"\" data-digit=\"350\"><\/h4>\r\n\t\t\r\n\t\t\t\t\t\t\t<p class=\"counter_text\" style=\"font-size: 16px; color: #13151c; text-transform: uppercase; font-weight: bold;\">\r\n\t\t\t\tKurumsal Platform\t\t\t<\/p>\r\n\t\t\t<\/div>\r\n<\/div>[vc_empty_space height=&#8221;56px&#8221;]<div id=\"cshero-counter69ecc037ce992_1777123383\" class=\"cshero-counter-wrap counter-layout1\" style=\" border-style: none;         \">\r\n\t\t<div class=\"cshero-counter-inner text-center\">\r\n\t\t\r\n\t\t<h4 id=\"counter_1\" class=\"counter \" style=\"font-size: 34px; color: #13151c; \" data-prefix=\"7\/\" data-type=\"\" data-digit=\"24\"><\/h4>\r\n\t\t\r\n\t\t\t\t\t\t\t<p class=\"counter_text\" style=\"font-size: 16px; color: #13151c; text-transform: uppercase; font-weight: bold;\">\r\n\t\t\t\tEri\u015fim \u0130mkan\u0131\t\t\t<\/p>\r\n\t\t\t<\/div>\r\n<\/div>[\/vc_column][vc_column width=&#8221;1\/3&#8243; column_style=&#8221;&#8221; list_style=&#8221;&#8221;]<div id=\"cshero-counter69ecc037cea69_1777123383\" class=\"cshero-counter-wrap counter-layout1\" style=\" border-style: none;         \">\r\n\t\t<div class=\"cshero-counter-inner text-center\">\r\n\t\t\r\n\t\t<h4 id=\"counter_2\" class=\"counter \" style=\"font-size: 34px; color: #13151c; \" data-type=\"\" data-digit=\"7\"><\/h4>\r\n\t\t\r\n\t\t\t\t\t\t\t<p class=\"counter_text\" style=\"font-size: 16px; color: #13151c; text-transform: uppercase; font-weight: bold;\">\r\n\t\t\t\tK\u0131tada Hizmet\t\t\t<\/p>\r\n\t\t\t<\/div>\r\n<\/div>[vc_empty_space height=&#8221;56px&#8221;]<div id=\"cshero-counter69ecc037ceb3f_1777123383\" class=\"cshero-counter-wrap counter-layout1\" style=\" border-style: none;         \">\r\n\t\t<div class=\"cshero-counter-inner text-center\">\r\n\t\t\r\n\t\t<h4 id=\"counter_3\" class=\"counter \" style=\"font-size: 34px; color: #13151c; \" data-type=\"\" data-digit=\"380000\"><\/h4>\r\n\t\t\r\n\t\t\t\t\t\t\t<p class=\"counter_text\" style=\"font-size: 16px; color: #13151c; text-transform: uppercase; font-weight: bold;\">\r\n\t\t\t\tAktif Kat\u0131l\u0131mc\u0131\t\t\t<\/p>\r\n\t\t\t<\/div>\r\n<\/div>[\/vc_column][vc_column width=&#8221;1\/3&#8243; column_style=&#8221;&#8221; list_style=&#8221;&#8221;]<div id=\"cshero-counter69ecc037cebff_1777123383\" class=\"cshero-counter-wrap counter-layout1\" style=\" border-style: none;         \">\r\n\t\t<div class=\"cshero-counter-inner text-center\">\r\n\t\t\r\n\t\t<h4 id=\"counter_4\" class=\"counter \" style=\"font-size: 34px; color: #13151c; \" data-type=\"\" data-digit=\"8\"><\/h4>\r\n\t\t\r\n\t\t\t\t\t\t\t<p class=\"counter_text\" style=\"font-size: 16px; color: #13151c; text-transform: uppercase; font-weight: bold;\">\r\n\t\t\t\tY\u0131l Tecr\u00fcbe\t\t\t<\/p>\r\n\t\t\t<\/div>\r\n<\/div>[vc_empty_space height=&#8221;56px&#8221;]<div id=\"cshero-counter69ecc037cecc6_1777123383\" class=\"cshero-counter-wrap counter-layout1\" style=\" border-style: none;         \">\r\n\t\t<div class=\"cshero-counter-inner text-center\">\r\n\t\t\r\n\t\t<h4 id=\"counter_5\" class=\"counter \" style=\"font-size: 34px; color: #13151c; \" data-type=\"\" data-digit=\"1900\"><\/h4>\r\n\t\t\r\n\t\t\t\t\t\t\t<p class=\"counter_text\" style=\"font-size: 16px; color: #13151c; text-transform: uppercase; font-weight: bold;\">\r\n\t\t\t\tAr\u015fiv Kayd\u0131\t\t\t<\/p>\r\n\t\t\t<\/div>\r\n<\/div>[\/vc_column][\/vc_row][vc_row][vc_column][vc_raw_js]JTNDc2NyaXB0JTIwdHlwZSUzRCUyMnRleHQlMkZqYXZhc2NyaXB0JTIyJTNFJTIwJTBBalF1ZXJ5JTI4ZG9jdW1lbnQlMjkucmVhZHklMjhmdW5jdGlvbiUyOCUyOSUyMCU3QiUyMCUwQXNldFRpbWVvdXQlMjhmdW5jdGlvbiUyOCUyOSU3QiUwQSUyRiUyRmpRdWVyeSUyOCUyNyUyM2NvdW50ZXJfMSUyNyUyOS5odG1sJTI4JTI3NyUyRjI0JTI3JTI5JTNCJTBBJTdEJTJDNTAwMCUyOSUzQiUwQSU3RCUyOSUzQiUwQSUzQyUyRnNjcmlwdCUzRQ==[\/vc_raw_js][\/vc_column][\/vc_row][vc_row one_headding1=&#8221;&#8221; exo_same_height=&#8221;yes&#8221; lax_headding1=&#8221;&#8221; lax_headding2=&#8221;&#8221; lax_headding3=&#8221;&#8221; lax_headding4=&#8221;&#8221; lax_headding5=&#8221;&#8221; lax_headding6=&#8221;&#8221; lax_headding7=&#8221;&#8221; lax_headding8=&#8221;&#8221; css=&#8221;.vc_custom_1489164355394{padding-bottom: 30px !important;}&#8221; el_class=&#8221;as-column&#8221;][vc_column width=&#8221;1\/3&#8243; text_align=&#8221;left&#8221; font_color=&#8221;#222222&#8243; css=&#8221;.vc_custom_1489164216823{border-right-width: 15px !important;padding-top: 40px !important;padding-right: 40px !important;padding-bottom: 50px !important;padding-left: 40px !important;background-color: #f5f5f5 !important;border-right-color: #ffffff !important;border-right-style: solid !important;}&#8221;][vc_custom_heading text=&#8221;Die Idee&#8221; font_container=&#8221;tag:h5|font_size:18px|text_align:left|color:%23222222|line_height:28px&#8221; google_fonts=&#8221;font_family:Lato%3A100%2C100italic%2C300%2C300italic%2Cregular%2Citalic%2C700%2C700italic%2C900%2C900italic|font_style:900%20bold%20regular%3A900%3Anormal&#8221; cms_custom_headding=&#8221;&#8221; line_color=&#8221;&#8221;][vc_empty_space height=&#8221;16px&#8221;][vc_column_text]<\/p>\n<p style=\"text-align: justify;\">Mit dem Ziel, Lehrende und Wissbegierige auf einer webbasierten Plattform zusammenzubringen und den virtuellen Austausch von Wissen zu f\u00f6rdern wird im M\u00e4rz 2009 die smile2 GmbH gegr\u00fcndet.<\/p>\n<p>[\/vc_column_text][\/vc_column][vc_column width=&#8221;1\/3&#8243; font_color=&#8221;#222222&#8243; css=&#8221;.vc_custom_1489164229330{border-right-width: 15px !important;border-left-width: 15px !important;padding-top: 50px !important;padding-right: 50px !important;padding-bottom: 50px !important;padding-left: 50px !important;background-image: url(http:\/\/demo.cmssuperheroes.com\/themeforest\/exo-theme\/wp-content\/uploads\/2015\/06\/yellgirl2.jpg?id=15727) !important;background-position: center !important;background-repeat: no-repeat !important;background-size: cover !important;border-left-color: #ffffff !important;border-left-style: solid !important;border-right-color: #ffffff !important;border-right-style: solid !important;}&#8221;][\/vc_column][vc_column width=&#8221;1\/3&#8243; css=&#8221;.vc_custom_1489164241159{border-left-width: 15px !important;padding-top: 40px !important;padding-right: 40px !important;padding-bottom: 50px !important;padding-left: 40px !important;background-color: #f5f5f5 !important;border-left-color: #ffffff !important;border-left-style: solid !important;}&#8221;][vc_custom_heading text=&#8221;Die Umsetzung&#8221; font_container=&#8221;tag:h5|font_size:18px|text_align:left|color:%23222222|line_height:28px&#8221; google_fonts=&#8221;font_family:Lato%3A100%2C100italic%2C300%2C300italic%2Cregular%2Citalic%2C700%2C700italic%2C900%2C900italic|font_style:900%20bold%20regular%3A900%3Anormal&#8221;][vc_empty_space height=&#8221;16px&#8221;][vc_column_text]<\/p>\n<p style=\"text-align: justify;\">Nach einiger Recherche und dem Feedback vieler Trainer, entdeckten wir, dass die Planung und Durchf\u00fchrung von Webinaren bisher sehr kompliziert und teuer ist. Wir wollten es anders machen: n\u00e4mlich einfach.<\/p>\n<p>[\/vc_column_text][\/vc_column][\/vc_row][vc_row one_headding1=&#8221;&#8221; exo_same_height=&#8221;yes&#8221; lax_headding1=&#8221;&#8221; lax_headding2=&#8221;&#8221; lax_headding3=&#8221;&#8221; lax_headding4=&#8221;&#8221; lax_headding5=&#8221;&#8221; lax_headding6=&#8221;&#8221; lax_headding7=&#8221;&#8221; lax_headding8=&#8221;&#8221; css=&#8221;.vc_custom_1489164419462{padding-bottom: 30px !important;}&#8221; el_class=&#8221;as-column&#8221;][vc_column width=&#8221;1\/3&#8243; text_align=&#8221;left&#8221; font_color=&#8221;#222222&#8243; css=&#8221;.vc_custom_1489164391322{border-right-width: 15px !important;padding-top: 50px !important;padding-right: 50px !important;padding-bottom: 50px !important;padding-left: 50px !important;background-image: url(http:\/\/demo.cmssuperheroes.com\/themeforest\/exo-theme\/wp-content\/uploads\/2015\/06\/hands.jpg?id=15730) !important;background-position: center !important;background-repeat: no-repeat !important;background-size: cover !important;border-right-color: #ffffff !important;border-right-style: solid !important;}&#8221;][\/vc_column][vc_column width=&#8221;1\/3&#8243; font_color=&#8221;#ffffff&#8221; css=&#8221;.vc_custom_1489164402473{border-right-width: 15px !important;border-left-width: 15px !important;padding-top: 40px !important;padding-right: 40px !important;padding-bottom: 50px !important;padding-left: 40px !important;background-color: #222222 !important;border-left-color: #ffffff !important;border-left-style: solid !important;border-right-color: #ffffff !important;border-right-style: solid !important;}&#8221;][vc_custom_heading text=&#8221;Die smile2 Top-Trainer-Elite&#8221; font_container=&#8221;tag:h5|font_size:18px|text_align:left|color:%23ffffff|line_height:28px&#8221; google_fonts=&#8221;font_family:Lato%3A100%2C100italic%2C300%2C300italic%2Cregular%2Citalic%2C700%2C700italic%2C900%2C900italic|font_style:900%20bold%20regular%3A900%3Anormal&#8221;][vc_empty_space height=&#8221;16px&#8221;][vc_column_text]<\/p>\n<p style=\"text-align: justify;\">Zu allen Themen der Weiterbildung im gesch\u00e4ftlichen und pers\u00f6nlichem Bereich finden Sie die erfolgreichsten Experten auf dem smile2-Portal. Spannende Live Online-Seminare und \u00fcber 1.900 Aufzeichnungen lassen keine W\u00fcnsche offen.<\/p>\n<p>[\/vc_column_text][\/vc_column][vc_column width=&#8221;1\/3&#8243; css=&#8221;.vc_custom_1489164413089{border-left-width: 15px !important;padding-top: 50px !important;padding-right: 50px !important;padding-left: 50px !important;background-image: url(http:\/\/demo.cmssuperheroes.com\/themeforest\/exo-theme\/wp-content\/uploads\/2015\/06\/city.jpg?id=15731) !important;background-position: center !important;background-repeat: no-repeat !important;background-size: cover !important;border-left-color: #ffffff !important;border-left-style: solid !important;}&#8221;][\/vc_column][\/vc_row]<\/p>\n","protected":false},"excerpt":{"rendered":"<p>[vc_row type=&#8221;ww-custom&#8221; enable_curve2=&#8221;false&#8221; curve_color2=&#8221;#ffffff&#8221; enable_parallax=&#8221;1&#8243; bg_video_color=&#8221;#000000&#8243; bg_video_transparent=&#8221;0.7&#8243; disable_parallax_mobile=&#8221;false&#8221; css=&#8221;.vc_custom_1450081357633{padding-top: 300px !important;padding-bottom: 250px !important;background-image: url(http:\/\/demo.cmssuperheroes.com\/themeforest\/exo-theme\/wp-content\/uploads\/2015\/07\/agency1-light1.jpg?id=16662) !important;background-position: center !important;background-repeat: no-repeat !important;background-size: cover !important;}&#8221;][vc_column column_style=&#8221;&#8221; list_style=&#8221;&#8221;][vc_custom_heading text=&#8221;Einer f\u00fcr Alles&#8221; font_container=&#8221;tag:h2|font_size:46px|text_align:center|color:%23ffffff|line_height:56px&#8221; google_fonts=&#8221;font_family:Lato%3A100%2C100italic%2C300%2C300italic%2Cregular%2Citalic%2C700%2C700italic%2C900%2C900italic|font_style:300%20light%20regular%3A300%3Anormal&#8221; el_class=&#8221;agency1letterspace&#8221;][vc_custom_heading text=&#8221;smile2 bringt Sie einfacher, schneller und kosteng\u00fcnstiger voran&#8221; font_container=&#8221;tag:h3|font_size:16px|text_align:center|color:%23ffffff|line_height:22px&#8221; google_fonts=&#8221;font_family:Lato%3A100%2C100italic%2C300%2C300italic%2Cregular%2Citalic%2C700%2C700italic%2C900%2C900italic|font_style:700%20bold%20regular%3A700%3Anormal&#8221; el_class=&#8221;agency1letterspace&#8221;][\/vc_column][\/vc_row][vc_row full_width=&#8221;true&#8221;][vc_column][vc_empty_space height=&#8221;50px&#8221;][\/vc_column][vc_column width=&#8221;1\/2&#8243;][vc_single_image image=&#8221;18213&#8243; img_size=&#8221;full&#8221;][\/vc_column][vc_column width=&#8221;5\/12&#8243;][vc_custom_heading text=&#8221;smile2 Company&#8221; font_container=&#8221;tag:h5|font_size:26px|text_align:left|color:%2313151c|line_height:40px&#8221; google_fonts=&#8221;font_family:Lato%3A100%2C100italic%2C300%2C300italic%2Cregular%2Citalic%2C700%2C700italic%2C900%2C900italic|font_style:300%20light%20regular%3A300%3Anormal&#8221;][vc_empty_space height=&#8221;16px&#8221;][vc_separator color=&#8221;custom&#8221; arrow_color=&#8221;#424242&#8243; custom_sparator_width=&#8221;60px&#8221; accent_color=&#8221;#424242&#8243;][vc_empty_space [&hellip;]<\/p>\n","protected":false},"author":1,"featured_media":0,"parent":0,"menu_order":0,"comment_status":"closed","ping_status":"closed","template":"","meta":[],"yoast_head":"<!-- This site is optimized with the Yoast SEO plugin v15.6.2 - https:\/\/yoast.com\/wordpress\/plugins\/seo\/ -->\n<title>\u00dcber Uns - smile2 T\u00fcrkiye<\/title>\n<meta name=\"robots\" content=\"index, follow, max-snippet:-1, max-image-preview:large, max-video-preview:-1\" \/>\n<link rel=\"canonical\" href=\"https:\/\/www.smile2.com.tr\/de\/uber-uns\/\" \/>\n<meta property=\"og:locale\" content=\"de_DE\" \/>\n<meta property=\"og:type\" content=\"article\" \/>\n<meta property=\"og:title\" content=\"\u00dcber Uns - smile2 T\u00fcrkiye\" \/>\n<meta property=\"og:description\" content=\"[vc_row type=&#8221;ww-custom&#8221; enable_curve2=&#8221;false&#8221; curve_color2=&#8221;#ffffff&#8221; enable_parallax=&#8221;1&#8243; bg_video_color=&#8221;#000000&#8243; bg_video_transparent=&#8221;0.7&#8243; disable_parallax_mobile=&#8221;false&#8221; css=&#8221;.vc_custom_1450081357633{padding-top: 300px !important;padding-bottom: 250px !important;background-image: url(http:\/\/demo.cmssuperheroes.com\/themeforest\/exo-theme\/wp-content\/uploads\/2015\/07\/agency1-light1.jpg?id=16662) !important;background-position: center !important;background-repeat: no-repeat !important;background-size: cover !important;}&#8221;][vc_column column_style=&#8221;&#8221; list_style=&#8221;&#8221;][vc_custom_heading text=&#8221;Einer f\u00fcr Alles&#8221; font_container=&#8221;tag:h2|font_size:46px|text_align:center|color:%23ffffff|line_height:56px&#8221; google_fonts=&#8221;font_family:Lato%3A100%2C100italic%2C300%2C300italic%2Cregular%2Citalic%2C700%2C700italic%2C900%2C900italic|font_style:300%20light%20regular%3A300%3Anormal&#8221; el_class=&#8221;agency1letterspace&#8221;][vc_custom_heading text=&#8221;smile2 bringt Sie einfacher, schneller und kosteng\u00fcnstiger voran&#8221; font_container=&#8221;tag:h3|font_size:16px|text_align:center|color:%23ffffff|line_height:22px&#8221; google_fonts=&#8221;font_family:Lato%3A100%2C100italic%2C300%2C300italic%2Cregular%2Citalic%2C700%2C700italic%2C900%2C900italic|font_style:700%20bold%20regular%3A700%3Anormal&#8221; el_class=&#8221;agency1letterspace&#8221;][\/vc_column][\/vc_row][vc_row full_width=&#8221;true&#8221;][vc_column][vc_empty_space height=&#8221;50px&#8221;][\/vc_column][vc_column width=&#8221;1\/2&#8243;][vc_single_image image=&#8221;18213&#8243; img_size=&#8221;full&#8221;][\/vc_column][vc_column width=&#8221;5\/12&#8243;][vc_custom_heading text=&#8221;smile2 Company&#8221; font_container=&#8221;tag:h5|font_size:26px|text_align:left|color:%2313151c|line_height:40px&#8221; google_fonts=&#8221;font_family:Lato%3A100%2C100italic%2C300%2C300italic%2Cregular%2Citalic%2C700%2C700italic%2C900%2C900italic|font_style:300%20light%20regular%3A300%3Anormal&#8221;][vc_empty_space height=&#8221;16px&#8221;][vc_separator color=&#8221;custom&#8221; arrow_color=&#8221;#424242&#8243; custom_sparator_width=&#8221;60px&#8221; accent_color=&#8221;#424242&#8243;][vc_empty_space [&hellip;]\" \/>\n<meta property=\"og:url\" content=\"https:\/\/www.smile2.com.tr\/de\/uber-uns\/\" \/>\n<meta property=\"og:site_name\" content=\"smile2 T\u00fcrkiye\" \/>\n<meta property=\"article:modified_time\" content=\"2017-03-10T16:46:34+00:00\" \/>\n<meta name=\"twitter:card\" content=\"summary\" \/>\n<meta name=\"twitter:label1\" content=\"Gesch\u00e4tzte Lesezeit\">\n\t<meta name=\"twitter:data1\" content=\"6\u00a0Minuten\">\n<script type=\"application\/ld+json\" class=\"yoast-schema-graph\">{\"@context\":\"https:\/\/schema.org\",\"@graph\":[{\"@type\":\"WebSite\",\"@id\":\"https:\/\/www.smile2.com.tr\/#website\",\"url\":\"https:\/\/www.smile2.com.tr\/\",\"name\":\"smile2 T\\u00fcrkiye\",\"description\":\"\",\"potentialAction\":[{\"@type\":\"SearchAction\",\"target\":\"https:\/\/www.smile2.com.tr\/?s={search_term_string}\",\"query-input\":\"required name=search_term_string\"}],\"inLanguage\":\"de\"},{\"@type\":\"WebPage\",\"@id\":\"https:\/\/www.smile2.com.tr\/de\/uber-uns\/#webpage\",\"url\":\"https:\/\/www.smile2.com.tr\/de\/uber-uns\/\",\"name\":\"\\u00dcber Uns - smile2 T\\u00fcrkiye\",\"isPartOf\":{\"@id\":\"https:\/\/www.smile2.com.tr\/#website\"},\"datePublished\":\"2017-02-21T10:18:57+00:00\",\"dateModified\":\"2017-03-10T16:46:34+00:00\",\"inLanguage\":\"de\",\"potentialAction\":[{\"@type\":\"ReadAction\",\"target\":[\"https:\/\/www.smile2.com.tr\/de\/uber-uns\/\"]}]}]}<\/script>\n<!-- \/ Yoast SEO plugin. -->","_links":{"self":[{"href":"https:\/\/www.smile2.com.tr\/de\/wp-json\/wp\/v2\/pages\/18208"}],"collection":[{"href":"https:\/\/www.smile2.com.tr\/de\/wp-json\/wp\/v2\/pages"}],"about":[{"href":"https:\/\/www.smile2.com.tr\/de\/wp-json\/wp\/v2\/types\/page"}],"author":[{"embeddable":true,"href":"https:\/\/www.smile2.com.tr\/de\/wp-json\/wp\/v2\/users\/1"}],"replies":[{"embeddable":true,"href":"https:\/\/www.smile2.com.tr\/de\/wp-json\/wp\/v2\/comments?post=18208"}],"version-history":[{"count":28,"href":"https:\/\/www.smile2.com.tr\/de\/wp-json\/wp\/v2\/pages\/18208\/revisions"}],"predecessor-version":[{"id":18470,"href":"https:\/\/www.smile2.com.tr\/de\/wp-json\/wp\/v2\/pages\/18208\/revisions\/18470"}],"wp:attachment":[{"href":"https:\/\/www.smile2.com.tr\/de\/wp-json\/wp\/v2\/media?parent=18208"}],"curies":[{"name":"wp","href":"https:\/\/api.w.org\/{rel}","templated":true}]}}