{"id":18184,"date":"2017-02-16T14:44:07","date_gmt":"2017-02-16T12:44:07","guid":{"rendered":"http:\/\/www.smile2.com.tr\/?page_id=18184"},"modified":"2017-03-07T16:12:09","modified_gmt":"2017-03-07T14:12:09","slug":"sss-ses-ve-goruntu","status":"publish","type":"page","link":"https:\/\/www.smile2.com.tr\/de\/sss-ses-ve-goruntu\/","title":{"rendered":"SSS"},"content":{"rendered":"<p>[vc_row one_headding1=&#8221;&#8221; type=&#8221;csrow-colno-padding &#8221; bg_video_color=&#8221;#ffffff&#8221; bg_video_transparent=&#8221;0.5&#8243; lax_headding1=&#8221;&#8221; lax_headding2=&#8221;&#8221; lax_headding3=&#8221;&#8221; lax_headding4=&#8221;&#8221; lax_headding5=&#8221;&#8221; lax_headding6=&#8221;&#8221; lax_headding7=&#8221;&#8221; lax_headding8=&#8221;&#8221; el_class=&#8221;angle-30-mobile&#8221; css=&#8221;.vc_custom_1487251760242{background-position: center !important;background-repeat: no-repeat !important;background-size: cover !important;}&#8221;][vc_column column_style=&#8221;&#8221; list_style=&#8221;&#8221;][rev_slider_vc alias=&#8221;faq&#8221;][\/vc_column][\/vc_row][vc_row type=&#8221;ww-custom&#8221; engle_position=&#8221;engle-bottom-left&#8221; engle_color=&#8221;#f5f5f5&#8243; engle_border_color=&#8221;#270c38&#8243; engle_border_width=&#8221;6&#8243; curve_color2=&#8221;#f5f5f5&#8243; curve_position=&#8221;&#8221;][vc_column column_style=&#8221;&#8221; list_style=&#8221;&#8221;][vc_empty_space height=&#8221;70px&#8221;][vc_accordion active_tab=&#8221;false&#8221;][vc_accordion_tab title=&#8221;Kamera ba\u011flant\u0131s\u0131n\u0131 nas\u0131l kurabilirim?&#8221; color_hover=&#8221;#00accb&#8221; border_color_tab=&#8221;#00accb&#8221; bg_color_tab=&#8221;#00accb&#8221; color_tab=&#8221;#00accb&#8221;][vc_column_text]G\u00f6r\u00fcnt\u00fc payla\u015f\u0131m\u0131 i\u00e7in kamera a\u00e7ma yetkiniz varsa \u00fcst men\u00fcde kamera imgesinin \u00fczerine t\u0131klay\u0131n\u0131z. Sistem kamera g\u00f6r\u00fcnt\u00fcn\u00fcz\u00fc \u00f6ncelikle k\u00fc\u00e7\u00fck bir pencerede \u00f6nizlemede a\u00e7ar, \u201cPayla\u015f\u0131m\u0131 ba\u015flat\u201d butonuna t\u0131klaman\u0131zla birlikte ger\u00e7ek g\u00f6r\u00fcnt\u00fc payla\u015f\u0131m\u0131 ba\u015flayacakt\u0131r.[\/vc_column_text][\/vc_accordion_tab][vc_accordion_tab title=&#8221;Mikrofonumu nas\u0131l a\u00e7abilirim?&#8221; color_hover=&#8221;#9edd7f&#8221;][vc_column_text]Ses payla\u015f\u0131m\u0131 i\u00e7in mikrofon a\u00e7ma yetkiniz varsa \u00fcst men\u00fcde mikrofon imgesinin \u00fczerine t\u0131klay\u0131n\u0131z. Sistem mikrofonunuzu kullanmak i\u00e7in izin isteyecektir. \u201c\u0130zin ver\u201d butonuna t\u0131klaman\u0131zla birlikte sesli ileti\u015fime ge\u00e7ebilirsiniz.[\/vc_column_text][\/vc_accordion_tab][\/vc_accordion][vc_empty_space height=&#8221;70px&#8221;][\/vc_column][\/vc_row]<\/p>\n","protected":false},"excerpt":{"rendered":"<p>[vc_row one_headding1=&#8221;&#8221; type=&#8221;csrow-colno-padding &#8221; bg_video_color=&#8221;#ffffff&#8221; bg_video_transparent=&#8221;0.5&#8243; lax_headding1=&#8221;&#8221; lax_headding2=&#8221;&#8221; lax_headding3=&#8221;&#8221; lax_headding4=&#8221;&#8221; lax_headding5=&#8221;&#8221; lax_headding6=&#8221;&#8221; lax_headding7=&#8221;&#8221; lax_headding8=&#8221;&#8221; el_class=&#8221;angle-30-mobile&#8221; css=&#8221;.vc_custom_1487251760242{background-position: center !important;background-repeat: no-repeat !important;background-size: cover !important;}&#8221;][vc_column column_style=&#8221;&#8221; list_style=&#8221;&#8221;][rev_slider_vc alias=&#8221;faq&#8221;][\/vc_column][\/vc_row][vc_row type=&#8221;ww-custom&#8221; engle_position=&#8221;engle-bottom-left&#8221; engle_color=&#8221;#f5f5f5&#8243; engle_border_color=&#8221;#270c38&#8243; engle_border_width=&#8221;6&#8243; curve_color2=&#8221;#f5f5f5&#8243; curve_position=&#8221;&#8221;][vc_column column_style=&#8221;&#8221; list_style=&#8221;&#8221;][vc_empty_space height=&#8221;70px&#8221;][vc_accordion active_tab=&#8221;false&#8221;][vc_accordion_tab title=&#8221;Kamera ba\u011flant\u0131s\u0131n\u0131 nas\u0131l kurabilirim?&#8221; color_hover=&#8221;#00accb&#8221; border_color_tab=&#8221;#00accb&#8221; bg_color_tab=&#8221;#00accb&#8221; color_tab=&#8221;#00accb&#8221;][vc_column_text]G\u00f6r\u00fcnt\u00fc payla\u015f\u0131m\u0131 i\u00e7in kamera a\u00e7ma yetkiniz varsa \u00fcst men\u00fcde kamera imgesinin \u00fczerine [&hellip;]<\/p>\n","protected":false},"author":1,"featured_media":0,"parent":0,"menu_order":0,"comment_status":"closed","ping_status":"closed","template":"","meta":[],"yoast_head":"<!-- This site is optimized with the Yoast SEO plugin v15.6.2 - https:\/\/yoast.com\/wordpress\/plugins\/seo\/ -->\n<title>SSS - smile2 T\u00fcrkiye<\/title>\n<meta name=\"robots\" content=\"index, follow, max-snippet:-1, max-image-preview:large, max-video-preview:-1\" \/>\n<link rel=\"canonical\" href=\"https:\/\/www.smile2.com.tr\/de\/sss-ses-ve-goruntu\/\" \/>\n<meta property=\"og:locale\" content=\"de_DE\" \/>\n<meta property=\"og:type\" content=\"article\" \/>\n<meta property=\"og:title\" content=\"SSS - smile2 T\u00fcrkiye\" \/>\n<meta property=\"og:description\" content=\"[vc_row one_headding1=&#8221;&#8221; type=&#8221;csrow-colno-padding &#8221; bg_video_color=&#8221;#ffffff&#8221; bg_video_transparent=&#8221;0.5&#8243; lax_headding1=&#8221;&#8221; lax_headding2=&#8221;&#8221; lax_headding3=&#8221;&#8221; lax_headding4=&#8221;&#8221; lax_headding5=&#8221;&#8221; lax_headding6=&#8221;&#8221; lax_headding7=&#8221;&#8221; lax_headding8=&#8221;&#8221; el_class=&#8221;angle-30-mobile&#8221; css=&#8221;.vc_custom_1487251760242{background-position: center !important;background-repeat: no-repeat !important;background-size: cover !important;}&#8221;][vc_column column_style=&#8221;&#8221; list_style=&#8221;&#8221;][rev_slider_vc alias=&#8221;faq&#8221;][\/vc_column][\/vc_row][vc_row type=&#8221;ww-custom&#8221; engle_position=&#8221;engle-bottom-left&#8221; engle_color=&#8221;#f5f5f5&#8243; engle_border_color=&#8221;#270c38&#8243; engle_border_width=&#8221;6&#8243; curve_color2=&#8221;#f5f5f5&#8243; curve_position=&#8221;&#8221;][vc_column column_style=&#8221;&#8221; list_style=&#8221;&#8221;][vc_empty_space height=&#8221;70px&#8221;][vc_accordion active_tab=&#8221;false&#8221;][vc_accordion_tab title=&#8221;Kamera ba\u011flant\u0131s\u0131n\u0131 nas\u0131l kurabilirim?&#8221; color_hover=&#8221;#00accb&#8221; border_color_tab=&#8221;#00accb&#8221; bg_color_tab=&#8221;#00accb&#8221; color_tab=&#8221;#00accb&#8221;][vc_column_text]G\u00f6r\u00fcnt\u00fc payla\u015f\u0131m\u0131 i\u00e7in kamera a\u00e7ma yetkiniz varsa \u00fcst men\u00fcde kamera imgesinin \u00fczerine [&hellip;]\" \/>\n<meta property=\"og:url\" content=\"https:\/\/www.smile2.com.tr\/de\/sss-ses-ve-goruntu\/\" \/>\n<meta property=\"og:site_name\" content=\"smile2 T\u00fcrkiye\" \/>\n<meta property=\"article:modified_time\" content=\"2017-03-07T14:12:09+00:00\" \/>\n<meta name=\"twitter:card\" content=\"summary\" \/>\n<meta name=\"twitter:label1\" content=\"Gesch\u00e4tzte Lesezeit\">\n\t<meta name=\"twitter:data1\" content=\"1\u00a0Minute\">\n<script type=\"application\/ld+json\" class=\"yoast-schema-graph\">{\"@context\":\"https:\/\/schema.org\",\"@graph\":[{\"@type\":\"WebSite\",\"@id\":\"https:\/\/www.smile2.com.tr\/#website\",\"url\":\"https:\/\/www.smile2.com.tr\/\",\"name\":\"smile2 T\\u00fcrkiye\",\"description\":\"\",\"potentialAction\":[{\"@type\":\"SearchAction\",\"target\":\"https:\/\/www.smile2.com.tr\/?s={search_term_string}\",\"query-input\":\"required name=search_term_string\"}],\"inLanguage\":\"de\"},{\"@type\":\"WebPage\",\"@id\":\"https:\/\/www.smile2.com.tr\/de\/sss-ses-ve-goruntu\/#webpage\",\"url\":\"https:\/\/www.smile2.com.tr\/de\/sss-ses-ve-goruntu\/\",\"name\":\"SSS - smile2 T\\u00fcrkiye\",\"isPartOf\":{\"@id\":\"https:\/\/www.smile2.com.tr\/#website\"},\"datePublished\":\"2017-02-16T12:44:07+00:00\",\"dateModified\":\"2017-03-07T14:12:09+00:00\",\"inLanguage\":\"de\",\"potentialAction\":[{\"@type\":\"ReadAction\",\"target\":[\"https:\/\/www.smile2.com.tr\/de\/sss-ses-ve-goruntu\/\"]}]}]}<\/script>\n<!-- \/ Yoast SEO plugin. -->","_links":{"self":[{"href":"https:\/\/www.smile2.com.tr\/de\/wp-json\/wp\/v2\/pages\/18184"}],"collection":[{"href":"https:\/\/www.smile2.com.tr\/de\/wp-json\/wp\/v2\/pages"}],"about":[{"href":"https:\/\/www.smile2.com.tr\/de\/wp-json\/wp\/v2\/types\/page"}],"author":[{"embeddable":true,"href":"https:\/\/www.smile2.com.tr\/de\/wp-json\/wp\/v2\/users\/1"}],"replies":[{"embeddable":true,"href":"https:\/\/www.smile2.com.tr\/de\/wp-json\/wp\/v2\/comments?post=18184"}],"version-history":[{"count":4,"href":"https:\/\/www.smile2.com.tr\/de\/wp-json\/wp\/v2\/pages\/18184\/revisions"}],"predecessor-version":[{"id":18201,"href":"https:\/\/www.smile2.com.tr\/de\/wp-json\/wp\/v2\/pages\/18184\/revisions\/18201"}],"wp:attachment":[{"href":"https:\/\/www.smile2.com.tr\/de\/wp-json\/wp\/v2\/media?parent=18184"}],"curies":[{"name":"wp","href":"https:\/\/api.w.org\/{rel}","templated":true}]}}