{"id":18183,"date":"2017-02-16T14:43:34","date_gmt":"2017-02-16T12:43:34","guid":{"rendered":"http:\/\/www.smile2.com.tr\/?page_id=18183"},"modified":"2017-03-07T16:10:34","modified_gmt":"2017-03-07T14:10:34","slug":"sss-mobil-baglanti","status":"publish","type":"page","link":"https:\/\/www.smile2.com.tr\/de\/sss-mobil-baglanti\/","title":{"rendered":"SSS"},"content":{"rendered":"<p>[vc_row type=&#8221;ww-custom&#8221; engle_color=&#8221;#ffffff&#8221; engle_position_style2=&#8221;engle-bottom-style1&#8243; engle_color_style2=&#8221;#ffffff&#8221; enable_parallax=&#8221;1&#8243; parallax_speed=&#8221;0.9&#8243; bg_video_color=&#8221;#ffffff&#8221; bg_video_transparent=&#8221;0.5&#8243; el_class=&#8221;angle-30-mobile&#8221; css=&#8221;.vc_custom_1487247272302{background-position: center !important;background-repeat: no-repeat !important;background-size: cover !important;}&#8221;][vc_column column_style=&#8221;&#8221; list_style=&#8221;&#8221;][rev_slider_vc alias=&#8221;faq&#8221;][\/vc_column][\/vc_row][vc_row type=&#8221;ww-custom&#8221; engle_position=&#8221;engle-bottom-left&#8221; engle_color=&#8221;#f5f5f5&#8243; engle_border_color=&#8221;#270c38&#8243; engle_border_width=&#8221;6&#8243; curve_color2=&#8221;#f5f5f5&#8243; curve_position=&#8221;&#8221;][vc_column column_style=&#8221;&#8221; list_style=&#8221;&#8221;][vc_empty_space height=&#8221;70px&#8221;][vc_accordion active_tab=&#8221;false&#8221;][vc_accordion_tab title=&#8221;Mobil cihaz\u0131n\u0131za indirece\u011finiz \u00fccretsiz uygulamalar ile canl\u0131 yay\u0131nlara istedi\u011finiz yerden kat\u0131l\u0131n.&#8221; color_hover=&#8221;#00accb&#8221; border_color_tab=&#8221;#00accb&#8221; bg_color_tab=&#8221;#00accb&#8221; color_tab=&#8221;#00accb&#8221;][vc_column_text]smile2 platformu ile canl\u0131 yay\u0131nlardan en \u00fcst d\u00fczeyde yararlanmak i\u00e7in mutlaka en g\u00fcncel uygulamay\u0131 kullanman\u0131z\u0131 \u00f6neririz. Cihaz\u0131n\u0131za uygulamalar\u0131 buradan indirebilirsiniz.[\/vc_column_text][vc_empty_space][vc_row_inner][vc_column_inner width=&#8221;1\/4&#8243;][\/vc_column_inner][vc_column_inner width=&#8221;1\/4&#8243;][vc_single_image image=&#8221;18194&#8243; img_size=&#8221;full&#8221;][\/vc_column_inner][vc_column_inner width=&#8221;1\/4&#8243;][vc_single_image image=&#8221;18195&#8243; img_size=&#8221;full&#8221;][\/vc_column_inner][vc_column_inner width=&#8221;1\/4&#8243;][\/vc_column_inner][\/vc_row_inner][\/vc_accordion_tab][vc_accordion_tab title=&#8221;Uygulamay\u0131 indirdikten sonra ne yapmal\u0131y\u0131m? &#8221; color_hover=&#8221;#9edd7f&#8221;][vc_column_text]Mobil cihaz\u0131n\u0131za uygulamay\u0131 indirdikten sonra uygulamay\u0131 a\u00e7\u0131k tutman\u0131za gerek yok. Hizmeti sat\u0131n alm\u0131\u015f oldu\u011funuz panel \u00fczerinden kullan\u0131c\u0131 ad\u0131 ve \u015fifrenizle giri\u015f yapt\u0131ktan sonra ilgili \u00fcr\u00fcnde \u201cWebinara kat\u0131l\u201d butonuna t\u0131klaman\u0131zla birlikte canl\u0131 yay\u0131n ekran\u0131na otomatik ba\u011flant\u0131 kurulacakt\u0131r.[\/vc_column_text][\/vc_accordion_tab][\/vc_accordion][vc_empty_space height=&#8221;70px&#8221;][\/vc_column][\/vc_row]<\/p>\n","protected":false},"excerpt":{"rendered":"<p>[vc_row type=&#8221;ww-custom&#8221; engle_color=&#8221;#ffffff&#8221; engle_position_style2=&#8221;engle-bottom-style1&#8243; engle_color_style2=&#8221;#ffffff&#8221; enable_parallax=&#8221;1&#8243; parallax_speed=&#8221;0.9&#8243; bg_video_color=&#8221;#ffffff&#8221; bg_video_transparent=&#8221;0.5&#8243; el_class=&#8221;angle-30-mobile&#8221; css=&#8221;.vc_custom_1487247272302{background-position: center !important;background-repeat: no-repeat !important;background-size: cover !important;}&#8221;][vc_column column_style=&#8221;&#8221; list_style=&#8221;&#8221;][rev_slider_vc alias=&#8221;faq&#8221;][\/vc_column][\/vc_row][vc_row type=&#8221;ww-custom&#8221; engle_position=&#8221;engle-bottom-left&#8221; engle_color=&#8221;#f5f5f5&#8243; engle_border_color=&#8221;#270c38&#8243; engle_border_width=&#8221;6&#8243; curve_color2=&#8221;#f5f5f5&#8243; curve_position=&#8221;&#8221;][vc_column column_style=&#8221;&#8221; list_style=&#8221;&#8221;][vc_empty_space height=&#8221;70px&#8221;][vc_accordion active_tab=&#8221;false&#8221;][vc_accordion_tab title=&#8221;Mobil cihaz\u0131n\u0131za indirece\u011finiz \u00fccretsiz uygulamalar ile canl\u0131 yay\u0131nlara istedi\u011finiz yerden kat\u0131l\u0131n.&#8221; color_hover=&#8221;#00accb&#8221; border_color_tab=&#8221;#00accb&#8221; bg_color_tab=&#8221;#00accb&#8221; color_tab=&#8221;#00accb&#8221;][vc_column_text]smile2 platformu ile canl\u0131 yay\u0131nlardan en \u00fcst d\u00fczeyde yararlanmak i\u00e7in [&hellip;]<\/p>\n","protected":false},"author":1,"featured_media":0,"parent":0,"menu_order":0,"comment_status":"closed","ping_status":"closed","template":"","meta":[],"yoast_head":"<!-- This site is optimized with the Yoast SEO plugin v15.6.2 - https:\/\/yoast.com\/wordpress\/plugins\/seo\/ -->\n<title>SSS - smile2 T\u00fcrkiye<\/title>\n<meta name=\"robots\" content=\"index, follow, max-snippet:-1, max-image-preview:large, max-video-preview:-1\" \/>\n<link rel=\"canonical\" href=\"https:\/\/www.smile2.com.tr\/de\/sss-mobil-baglanti\/\" \/>\n<meta property=\"og:locale\" content=\"de_DE\" \/>\n<meta property=\"og:type\" content=\"article\" \/>\n<meta property=\"og:title\" content=\"SSS - smile2 T\u00fcrkiye\" \/>\n<meta property=\"og:description\" content=\"[vc_row type=&#8221;ww-custom&#8221; engle_color=&#8221;#ffffff&#8221; engle_position_style2=&#8221;engle-bottom-style1&#8243; engle_color_style2=&#8221;#ffffff&#8221; enable_parallax=&#8221;1&#8243; parallax_speed=&#8221;0.9&#8243; bg_video_color=&#8221;#ffffff&#8221; bg_video_transparent=&#8221;0.5&#8243; el_class=&#8221;angle-30-mobile&#8221; css=&#8221;.vc_custom_1487247272302{background-position: center !important;background-repeat: no-repeat !important;background-size: cover !important;}&#8221;][vc_column column_style=&#8221;&#8221; list_style=&#8221;&#8221;][rev_slider_vc alias=&#8221;faq&#8221;][\/vc_column][\/vc_row][vc_row type=&#8221;ww-custom&#8221; engle_position=&#8221;engle-bottom-left&#8221; engle_color=&#8221;#f5f5f5&#8243; engle_border_color=&#8221;#270c38&#8243; engle_border_width=&#8221;6&#8243; curve_color2=&#8221;#f5f5f5&#8243; curve_position=&#8221;&#8221;][vc_column column_style=&#8221;&#8221; list_style=&#8221;&#8221;][vc_empty_space height=&#8221;70px&#8221;][vc_accordion active_tab=&#8221;false&#8221;][vc_accordion_tab title=&#8221;Mobil cihaz\u0131n\u0131za indirece\u011finiz \u00fccretsiz uygulamalar ile canl\u0131 yay\u0131nlara istedi\u011finiz yerden kat\u0131l\u0131n.&#8221; color_hover=&#8221;#00accb&#8221; border_color_tab=&#8221;#00accb&#8221; bg_color_tab=&#8221;#00accb&#8221; color_tab=&#8221;#00accb&#8221;][vc_column_text]smile2 platformu ile canl\u0131 yay\u0131nlardan en \u00fcst d\u00fczeyde yararlanmak i\u00e7in [&hellip;]\" \/>\n<meta property=\"og:url\" content=\"https:\/\/www.smile2.com.tr\/de\/sss-mobil-baglanti\/\" \/>\n<meta property=\"og:site_name\" content=\"smile2 T\u00fcrkiye\" \/>\n<meta property=\"article:modified_time\" content=\"2017-03-07T14:10:34+00:00\" \/>\n<meta name=\"twitter:card\" content=\"summary\" \/>\n<meta name=\"twitter:label1\" content=\"Gesch\u00e4tzte Lesezeit\">\n\t<meta name=\"twitter:data1\" content=\"2\u00a0Minuten\">\n<script type=\"application\/ld+json\" class=\"yoast-schema-graph\">{\"@context\":\"https:\/\/schema.org\",\"@graph\":[{\"@type\":\"WebSite\",\"@id\":\"https:\/\/www.smile2.com.tr\/#website\",\"url\":\"https:\/\/www.smile2.com.tr\/\",\"name\":\"smile2 T\\u00fcrkiye\",\"description\":\"\",\"potentialAction\":[{\"@type\":\"SearchAction\",\"target\":\"https:\/\/www.smile2.com.tr\/?s={search_term_string}\",\"query-input\":\"required name=search_term_string\"}],\"inLanguage\":\"de\"},{\"@type\":\"WebPage\",\"@id\":\"https:\/\/www.smile2.com.tr\/de\/sss-mobil-baglanti\/#webpage\",\"url\":\"https:\/\/www.smile2.com.tr\/de\/sss-mobil-baglanti\/\",\"name\":\"SSS - smile2 T\\u00fcrkiye\",\"isPartOf\":{\"@id\":\"https:\/\/www.smile2.com.tr\/#website\"},\"datePublished\":\"2017-02-16T12:43:34+00:00\",\"dateModified\":\"2017-03-07T14:10:34+00:00\",\"inLanguage\":\"de\",\"potentialAction\":[{\"@type\":\"ReadAction\",\"target\":[\"https:\/\/www.smile2.com.tr\/de\/sss-mobil-baglanti\/\"]}]}]}<\/script>\n<!-- \/ Yoast SEO plugin. -->","_links":{"self":[{"href":"https:\/\/www.smile2.com.tr\/de\/wp-json\/wp\/v2\/pages\/18183"}],"collection":[{"href":"https:\/\/www.smile2.com.tr\/de\/wp-json\/wp\/v2\/pages"}],"about":[{"href":"https:\/\/www.smile2.com.tr\/de\/wp-json\/wp\/v2\/types\/page"}],"author":[{"embeddable":true,"href":"https:\/\/www.smile2.com.tr\/de\/wp-json\/wp\/v2\/users\/1"}],"replies":[{"embeddable":true,"href":"https:\/\/www.smile2.com.tr\/de\/wp-json\/wp\/v2\/comments?post=18183"}],"version-history":[{"count":8,"href":"https:\/\/www.smile2.com.tr\/de\/wp-json\/wp\/v2\/pages\/18183\/revisions"}],"predecessor-version":[{"id":18205,"href":"https:\/\/www.smile2.com.tr\/de\/wp-json\/wp\/v2\/pages\/18183\/revisions\/18205"}],"wp:attachment":[{"href":"https:\/\/www.smile2.com.tr\/de\/wp-json\/wp\/v2\/media?parent=18183"}],"curies":[{"name":"wp","href":"https:\/\/api.w.org\/{rel}","templated":true}]}}