{"id":18158,"date":"2017-02-13T11:04:47","date_gmt":"2017-02-13T09:04:47","guid":{"rendered":"http:\/\/www.smile2.com.tr\/?page_id=18158"},"modified":"2017-03-07T16:05:40","modified_gmt":"2017-03-07T14:05:40","slug":"sss-sistem-testi","status":"publish","type":"page","link":"https:\/\/www.smile2.com.tr\/de\/sss-sistem-testi\/","title":{"rendered":"SSS"},"content":{"rendered":"<p>[vc_row type=&#8221;ww-custom&#8221; engle_color=&#8221;#ffffff&#8221; engle_position_style2=&#8221;engle-bottom-style1&#8243; engle_color_style2=&#8221;#ffffff&#8221; enable_parallax=&#8221;1&#8243; parallax_speed=&#8221;0.9&#8243; bg_video_color=&#8221;#ffffff&#8221; bg_video_transparent=&#8221;0.5&#8243; el_class=&#8221;angle-30-mobile&#8221; css=&#8221;.vc_custom_1487247272302{background-position: center !important;background-repeat: no-repeat !important;background-size: cover !important;}&#8221;][vc_column column_style=&#8221;&#8221; list_style=&#8221;&#8221;][rev_slider_vc alias=&#8221;faq&#8221;][\/vc_column][\/vc_row][vc_row one_headding1=&#8221;&#8221; type=&#8221;ww-custom&#8221; engle_position=&#8221;engle-bottom-left&#8221; engle_color=&#8221;#f5f5f5&#8243; engle_border_color=&#8221;#270c38&#8243; engle_border_width=&#8221;6&#8243; curve_color2=&#8221;#f5f5f5&#8243; lax_headding1=&#8221;&#8221; lax_headding2=&#8221;&#8221; lax_headding3=&#8221;&#8221; lax_headding4=&#8221;&#8221; lax_headding5=&#8221;&#8221; lax_headding6=&#8221;&#8221; lax_headding7=&#8221;&#8221; lax_headding8=&#8221;&#8221; curve_position=&#8221;&#8221;][vc_column column_style=&#8221;&#8221; list_style=&#8221;&#8221;][vc_empty_space height=&#8221;70px&#8221;][vc_accordion active_tab=&#8221;false&#8221;][vc_accordion_tab title=&#8221;Ba\u011flant\u0131 tan\u0131mlay\u0131c\u0131 ile teknik kontrol\u00fc ba\u015flat\u0131n&#8221; color_hover=&#8221;#00accb&#8221; border_color_tab=&#8221;#00accb&#8221; bg_color_tab=&#8221;#00accb&#8221; color_tab=&#8221;#00accb&#8221;][vc_column_text]Teknik kontrol\u00fc ba\u015flatmak i\u00e7in buraya <a href=\"https:\/\/admin.adobeconnect.com\/common\/help\/tr\/support\/meeting_test.htm\" target=\"_blank\">t\u0131klay\u0131n<\/a>.[\/vc_column_text][\/vc_accordion_tab][vc_accordion_tab title=&#8221;\u0130lk olarak kontrol edilmesi gereken noktalar.&#8221; color_hover=&#8221;#9edd7f&#8221;][vc_column_text]Toplant\u0131 eri\u015fim sorunlar\u0131n\u0131 \u00e7\u00f6z\u00fcmlemek i\u00e7in a\u015fa\u011f\u0131daki basit noktalar\u0131 kontrol edin.<\/p>\n<ul>\n<li>\u0130nternete ba\u011fl\u0131 m\u0131s\u0131n\u0131z?<\/li>\n<li>A\u00e7\u0131l\u0131r pencere engelleme yaz\u0131l\u0131m\u0131n\u0131 devre d\u0131\u015f\u0131 b\u0131rak\u0131n.<\/li>\n<li>Taray\u0131c\u0131 \u00f6n belle\u011fini silin.<\/li>\n<li>Ba\u015fka bir bilgisayardan ba\u011flanmay\u0131 deneyin.<\/li>\n<li>Do\u011fru \u00fcr\u00fcne mi eri\u015fmeye \u00e7al\u0131\u015f\u0131yorsunuz?<\/li>\n<li>Etkinli\u011fe veya seminere kaydoldunuz mu?<\/li>\n<\/ul>\n<p>[\/vc_column_text][\/vc_accordion_tab][vc_accordion_tab title=&#8221;Java program\u0131n\u0131 g\u00fcncelleyin. &#8221; color_hover=&#8221;#fedc54&#8243;][vc_column_text]Java program\u0131n\u0131 g\u00fcncellemek i\u00e7in buraya <a href=\"https:\/\/www.java.com\/tr\/download\/windows-64bit.jsp\" target=\"_blank\">t\u0131klay\u0131n<\/a>.[\/vc_column_text][\/vc_accordion_tab][vc_accordion_tab title=&#8221;Flash Player program\u0131n\u0131 g\u00fcncelleyin. &#8221; color_hover=&#8221;#ec6451&#8243;][vc_column_text]Flash Player program\u0131n\u0131 g\u00fcncellemek i\u00e7in buraya <a href=\"https:\/\/get.adobe.com\/tr\/flashplayer\/\" target=\"_blank\">t\u0131klay\u0131n<\/a>. [\/vc_column_text][\/vc_accordion_tab][vc_accordion_tab title=&#8221;Uzaktan Destek&#8221;][vc_column_text]Uzman ekibimizden uzaktan ba\u011flant\u0131 ile destek almak i\u00e7in <a href=\"https:\/\/www.teamviewer.com\/tr\/?pid=google.tv.teamviewer_exact_tv12.s.tr&amp;gclid=CMiZmOL_h9ICFRONGwodWC8Dyw\" target=\"_blank\">TeamViewer <\/a>program\u0131n\u0131 indirip bizimle ileti\u015fime ge\u00e7in.[\/vc_column_text][\/vc_accordion_tab][\/vc_accordion][vc_empty_space height=&#8221;70px&#8221;][\/vc_column][\/vc_row]<\/p>\n","protected":false},"excerpt":{"rendered":"<p>[vc_row type=&#8221;ww-custom&#8221; engle_color=&#8221;#ffffff&#8221; engle_position_style2=&#8221;engle-bottom-style1&#8243; engle_color_style2=&#8221;#ffffff&#8221; enable_parallax=&#8221;1&#8243; parallax_speed=&#8221;0.9&#8243; bg_video_color=&#8221;#ffffff&#8221; bg_video_transparent=&#8221;0.5&#8243; el_class=&#8221;angle-30-mobile&#8221; css=&#8221;.vc_custom_1487247272302{background-position: center !important;background-repeat: no-repeat !important;background-size: cover !important;}&#8221;][vc_column column_style=&#8221;&#8221; list_style=&#8221;&#8221;][rev_slider_vc alias=&#8221;faq&#8221;][\/vc_column][\/vc_row][vc_row one_headding1=&#8221;&#8221; type=&#8221;ww-custom&#8221; engle_position=&#8221;engle-bottom-left&#8221; engle_color=&#8221;#f5f5f5&#8243; engle_border_color=&#8221;#270c38&#8243; engle_border_width=&#8221;6&#8243; curve_color2=&#8221;#f5f5f5&#8243; lax_headding1=&#8221;&#8221; lax_headding2=&#8221;&#8221; lax_headding3=&#8221;&#8221; lax_headding4=&#8221;&#8221; lax_headding5=&#8221;&#8221; lax_headding6=&#8221;&#8221; lax_headding7=&#8221;&#8221; lax_headding8=&#8221;&#8221; curve_position=&#8221;&#8221;][vc_column column_style=&#8221;&#8221; list_style=&#8221;&#8221;][vc_empty_space height=&#8221;70px&#8221;][vc_accordion active_tab=&#8221;false&#8221;][vc_accordion_tab title=&#8221;Ba\u011flant\u0131 tan\u0131mlay\u0131c\u0131 ile teknik kontrol\u00fc ba\u015flat\u0131n&#8221; color_hover=&#8221;#00accb&#8221; border_color_tab=&#8221;#00accb&#8221; bg_color_tab=&#8221;#00accb&#8221; color_tab=&#8221;#00accb&#8221;][vc_column_text]Teknik kontrol\u00fc ba\u015flatmak i\u00e7in buraya t\u0131klay\u0131n.[\/vc_column_text][\/vc_accordion_tab][vc_accordion_tab [&hellip;]<\/p>\n","protected":false},"author":1,"featured_media":0,"parent":0,"menu_order":0,"comment_status":"closed","ping_status":"closed","template":"","meta":[],"yoast_head":"<!-- This site is optimized with the Yoast SEO plugin v15.6.2 - https:\/\/yoast.com\/wordpress\/plugins\/seo\/ -->\n<title>SSS - smile2 T\u00fcrkiye<\/title>\n<meta name=\"robots\" content=\"index, follow, max-snippet:-1, max-image-preview:large, max-video-preview:-1\" \/>\n<link rel=\"canonical\" href=\"https:\/\/www.smile2.com.tr\/de\/sss-sistem-testi\/\" \/>\n<meta property=\"og:locale\" content=\"de_DE\" \/>\n<meta property=\"og:type\" content=\"article\" \/>\n<meta property=\"og:title\" content=\"SSS - smile2 T\u00fcrkiye\" \/>\n<meta property=\"og:description\" content=\"[vc_row type=&#8221;ww-custom&#8221; engle_color=&#8221;#ffffff&#8221; engle_position_style2=&#8221;engle-bottom-style1&#8243; engle_color_style2=&#8221;#ffffff&#8221; enable_parallax=&#8221;1&#8243; parallax_speed=&#8221;0.9&#8243; bg_video_color=&#8221;#ffffff&#8221; bg_video_transparent=&#8221;0.5&#8243; el_class=&#8221;angle-30-mobile&#8221; css=&#8221;.vc_custom_1487247272302{background-position: center !important;background-repeat: no-repeat !important;background-size: cover !important;}&#8221;][vc_column column_style=&#8221;&#8221; list_style=&#8221;&#8221;][rev_slider_vc alias=&#8221;faq&#8221;][\/vc_column][\/vc_row][vc_row one_headding1=&#8221;&#8221; type=&#8221;ww-custom&#8221; engle_position=&#8221;engle-bottom-left&#8221; engle_color=&#8221;#f5f5f5&#8243; engle_border_color=&#8221;#270c38&#8243; engle_border_width=&#8221;6&#8243; curve_color2=&#8221;#f5f5f5&#8243; lax_headding1=&#8221;&#8221; lax_headding2=&#8221;&#8221; lax_headding3=&#8221;&#8221; lax_headding4=&#8221;&#8221; lax_headding5=&#8221;&#8221; lax_headding6=&#8221;&#8221; lax_headding7=&#8221;&#8221; lax_headding8=&#8221;&#8221; curve_position=&#8221;&#8221;][vc_column column_style=&#8221;&#8221; list_style=&#8221;&#8221;][vc_empty_space height=&#8221;70px&#8221;][vc_accordion active_tab=&#8221;false&#8221;][vc_accordion_tab title=&#8221;Ba\u011flant\u0131 tan\u0131mlay\u0131c\u0131 ile teknik kontrol\u00fc ba\u015flat\u0131n&#8221; color_hover=&#8221;#00accb&#8221; border_color_tab=&#8221;#00accb&#8221; bg_color_tab=&#8221;#00accb&#8221; color_tab=&#8221;#00accb&#8221;][vc_column_text]Teknik kontrol\u00fc ba\u015flatmak i\u00e7in buraya t\u0131klay\u0131n.[\/vc_column_text][\/vc_accordion_tab][vc_accordion_tab [&hellip;]\" \/>\n<meta property=\"og:url\" content=\"https:\/\/www.smile2.com.tr\/de\/sss-sistem-testi\/\" \/>\n<meta property=\"og:site_name\" content=\"smile2 T\u00fcrkiye\" \/>\n<meta property=\"article:modified_time\" content=\"2017-03-07T14:05:40+00:00\" \/>\n<meta name=\"twitter:card\" content=\"summary\" \/>\n<meta name=\"twitter:label1\" content=\"Gesch\u00e4tzte Lesezeit\">\n\t<meta name=\"twitter:data1\" content=\"2\u00a0Minuten\">\n<script type=\"application\/ld+json\" class=\"yoast-schema-graph\">{\"@context\":\"https:\/\/schema.org\",\"@graph\":[{\"@type\":\"WebSite\",\"@id\":\"https:\/\/www.smile2.com.tr\/#website\",\"url\":\"https:\/\/www.smile2.com.tr\/\",\"name\":\"smile2 T\\u00fcrkiye\",\"description\":\"\",\"potentialAction\":[{\"@type\":\"SearchAction\",\"target\":\"https:\/\/www.smile2.com.tr\/?s={search_term_string}\",\"query-input\":\"required name=search_term_string\"}],\"inLanguage\":\"de\"},{\"@type\":\"WebPage\",\"@id\":\"https:\/\/www.smile2.com.tr\/de\/sss-sistem-testi\/#webpage\",\"url\":\"https:\/\/www.smile2.com.tr\/de\/sss-sistem-testi\/\",\"name\":\"SSS - smile2 T\\u00fcrkiye\",\"isPartOf\":{\"@id\":\"https:\/\/www.smile2.com.tr\/#website\"},\"datePublished\":\"2017-02-13T09:04:47+00:00\",\"dateModified\":\"2017-03-07T14:05:40+00:00\",\"inLanguage\":\"de\",\"potentialAction\":[{\"@type\":\"ReadAction\",\"target\":[\"https:\/\/www.smile2.com.tr\/de\/sss-sistem-testi\/\"]}]}]}<\/script>\n<!-- \/ Yoast SEO plugin. -->","_links":{"self":[{"href":"https:\/\/www.smile2.com.tr\/de\/wp-json\/wp\/v2\/pages\/18158"}],"collection":[{"href":"https:\/\/www.smile2.com.tr\/de\/wp-json\/wp\/v2\/pages"}],"about":[{"href":"https:\/\/www.smile2.com.tr\/de\/wp-json\/wp\/v2\/types\/page"}],"author":[{"embeddable":true,"href":"https:\/\/www.smile2.com.tr\/de\/wp-json\/wp\/v2\/users\/1"}],"replies":[{"embeddable":true,"href":"https:\/\/www.smile2.com.tr\/de\/wp-json\/wp\/v2\/comments?post=18158"}],"version-history":[{"count":11,"href":"https:\/\/www.smile2.com.tr\/de\/wp-json\/wp\/v2\/pages\/18158\/revisions"}],"predecessor-version":[{"id":18343,"href":"https:\/\/www.smile2.com.tr\/de\/wp-json\/wp\/v2\/pages\/18158\/revisions\/18343"}],"wp:attachment":[{"href":"https:\/\/www.smile2.com.tr\/de\/wp-json\/wp\/v2\/media?parent=18158"}],"curies":[{"name":"wp","href":"https:\/\/api.w.org\/{rel}","templated":true}]}}