{"id":16958,"date":"2015-07-20T03:20:24","date_gmt":"2015-07-20T03:20:24","guid":{"rendered":"http:\/\/demo.cmssuperheroes.com\/themeforest\/exo-theme\/?page_id=16958"},"modified":"2017-04-01T15:09:47","modified_gmt":"2017-04-01T12:09:47","slug":"fur-online-trainer","status":"publish","type":"page","link":"https:\/\/www.smile2.com.tr\/de\/fur-online-trainer\/","title":{"rendered":"F\u00fcr Online-Trainer"},"content":{"rendered":"<p>[vc_row type=&#8221;ww-custom&#8221; engle_position=&#8221;engle-bottom-right&#8221; height_engle=&#8221;80px&#8221; engle_color=&#8221;#ffffff&#8221; engle_border_color=&#8221;#e9e9e9&#8243; engle_border_width=&#8221;6&#8243; enable_curve2=&#8221;false&#8221; curve_color2=&#8221;#ffffff&#8221; same_height=&#8221;false&#8221;][vc_column][rev_slider_vc alias=&#8221;fur-online-trainer&#8221;][\/vc_column][\/vc_row][vc_row type=&#8221;ww-custom&#8221; curve_color2=&#8221;#f5f5f5&#8243; css=&#8221;.vc_custom_1488893794292{padding-top: 80px !important;padding-bottom: 50px !important;background-color: #ffffff !important;}&#8221;][vc_column width=&#8221;1\/2&#8243; text_align=&#8221;center&#8221; font_color=&#8221;#13151c&#8221;][vc_empty_space height=&#8221;20px&#8221;]    <div class=\"cshero-shortcode cshero-magazine-posts magazine_posts-layout1  hide-post-type\" id=\"cshero_magazine_posts_69ecc00e9eb19_1777123342\">\r\n        <div class=\"row\">\r\n<div class=\"magazine_posts-layout1\">\r\n\t\t\t\t\t<div class=\"magazine-post-featured same-height-column col-xs-12 col-lg-12 col-md-12 col-sm-12\">\r\n\t\t\t\t\t<article class=\" post-list-feature post-18354 post type-post status-publish format-video has-post-thumbnail hentry category-unkategorisiert post_format-post-format-video\">\r\n\t                    <header class=\"cs-blog-header\">\r\n\t                        \t                            \t                            <div class=\"cs-blog-media\">\r\n\t                                <div class=\"cs-blog-thumbnail\">\r\n\t                                    <img alt=\"\" src=\"https:\/\/www.smile2.com.tr\/wp-content\/uploads\/2017\/03\/online-seminer-1.png\" \/>\t                                <\/div><!-- .entry-thumbnail -->\r\n\t                            <\/div>\r\n\t                        \t                    <\/header><!-- .entry-header -->\r\n\t                    \t                    \t<div class=\"cs-blog-content\">\r\n\t                    \t\t<h3 class=\"cms-blog-title\" style=\"text-transform: ;\"><a title=\"Webinar Nedir?\" href=\"https:\/\/www.smile2.com.tr\/de\/2017\/03\/06\/webinar-nedir\/\" >Webinar Nedir?<\/a><\/h3>\r\n\t                    \t\t<p>Webinar, internet \u00fczerinden sesli ve g\u00f6r\u00fcnt\u00fcl\u00fc e\u011fitim, toplant\u0131 ve sunumlar yapabilmenize olanak sa\u011flayan bir y\u00f6ntemdir. Hi\u00e7bir yaz\u0131l\u0131m indirmenize ve kurman\u0131za gerek kalmaks\u0131z\u0131n <\/p>\r\n\t\t                        <div class=\"cms-readmore\">\r\n\t\t\t                        <a class=\"btn btn-default\" class=\"\" title=\"Webinar Nedir?\" href=\"https:\/\/www.smile2.com.tr\/de\/2017\/03\/06\/webinar-nedir\/\" >.MORE<\/a>\r\n\t\t\t                    <\/div>\r\n\t\t\t                    <div class=\"release-date clearfix\">06 M\u00e4rz 2017<\/div>\t                    \t<\/div>\r\n\r\n\t                    \t\t                    \r\n\t                <\/article><!-- #post-## -->\r\n\t\t\t\t<\/div>\r\n\t\t\t\t<\/div>\r\n<\/div>    <\/div>\r\n    [\/vc_column][vc_column width=&#8221;1\/2&#8243;][vc_empty_space height=&#8221;40px&#8221;][vc_custom_heading text=&#8221;Was k\u00f6nnen Sie als Online-Trainer verdienen?&#8221; font_container=&#8221;tag:h2|font_size:24|text_align:left|line_height:50px&#8221;][vc_column_text]<strong>Rechenbeispiel:<\/strong><\/p>\n<p>&#8211; Sie bieten 4 Online-Seminare im Monat \u00e0 35 EUR an<br \/>\n&#8211; 20 Teilnehmer melden sich pro Online-Seminar an<br \/>\n&#8211; Ihr monatlicher Gewinn: bis zu 2.660 EUR<\/p>\n<p>Komplette Zahlunsabwicklung \u00fcber smile2<\/p>\n<p><strong>Unser Versprechen: <\/strong><\/p>\n<p>bis zu 95% Aussch\u00fcttung des Webinarumsatzes[\/vc_column_text][\/vc_column][\/vc_row][vc_row type=&#8221;ww-custom&#8221; engle_position=&#8221;engle-bottom-right&#8221; height_engle=&#8221;250px&#8221; engle_color=&#8221;#ebebee&#8221; engle_position_style2=&#8221;engle-bottom-style1&#8243; engle_color_style2=&#8221;#222222&#8243; css=&#8221;.vc_custom_1450151542500{background-color: #f5f5f5 !important;}&#8221; el_class=&#8221;z-index-2&#8243;][vc_column animation=&#8221;rda_flipInX&#8221; offset=&#8221;vc_col-lg-12 vc_col-md-12 vc_col-xs-12&#8243; css=&#8221;.vc_custom_1434072348417{margin-top: -100px !important;margin-bottom: -70px !important;padding-bottom: 30px !important;}&#8221; font_color=&#8221;#ffffff&#8221;][vc_empty_space][vc_single_image image=&#8221;18045&#8243; img_size=&#8221;full&#8221; alignment=&#8221;center&#8221; css=&#8221;.vc_custom_1485944451945{margin-top: 100px !important;}&#8221;][\/vc_column][\/vc_row][vc_row full_width=&#8221;true&#8221; exo_same_height=&#8221;yes&#8221; row_head_color=&#8221;#ffffff&#8221;][vc_column width=&#8221;1\/2&#8243; css=&#8221;.vc_custom_1491048411872{padding-top: 70px !important;padding-right: 80px !important;padding-bottom: 60px !important;padding-left: 80px !important;background-color: #f7a604 !important;}&#8221; font_color=&#8221;#ffffff&#8221;][vc_custom_heading text=&#8221;Lernen Sie von Experten!&#8221; font_container=&#8221;tag:h5|font_size:26px|text_align:left|color:%23ffffff|line_height:40px&#8221; google_fonts=&#8221;font_family:Lato%3A100%2C100italic%2C300%2C300italic%2Cregular%2Citalic%2C700%2C700italic%2C900%2C900italic|font_style:300%20light%20regular%3A300%3Anormal&#8221; el_class=&#8221;agency1letterspace&#8221;][vc_empty_space height=&#8221;16px&#8221;][vc_separator color=&#8221;custom&#8221; arrow_width=&#8221;4&#8243; arrow_color=&#8221;#787879&#8243; custom_sparator_width=&#8221;60px&#8221; accent_color=&#8221;#ffffff&#8221;][vc_empty_space][vc_column_text]Die edudip-Akademie ist eine offizielle Akademie der edudip GmbH.<\/p>\n<p>In Kooperation mit erfolgreichen Online-Trainern und Experten pr\u00e4sentiert die edudip Akademie Webinare, die Sie bei Ihren Online-Seminaren unterst\u00fctzen und Ihnen hilfreiche Tipps und Informationen bieten.[\/vc_column_text][\/vc_column][vc_column width=&#8221;1\/2&#8243; css=&#8221;.vc_custom_1491048465184{padding-top: 70px !important;padding-right: 80px !important;padding-bottom: 60px !important;padding-left: 80px !important;background-color: #f3ba04 !important;}&#8221; font_color=&#8221;#ffffff&#8221;][vc_custom_heading text=&#8221;Mehr Funktionen nutzen mit smile2 Pro!&#8221; font_container=&#8221;tag:h5|font_size:26px|text_align:left|color:%23ffffff|line_height:40px&#8221; google_fonts=&#8221;font_family:Lato%3A100%2C100italic%2C300%2C300italic%2Cregular%2Citalic%2C700%2C700italic%2C900%2C900italic|font_style:300%20light%20regular%3A300%3Anormal&#8221; el_class=&#8221;agency1letterspace&#8221;][vc_empty_space height=&#8221;16px&#8221;][vc_separator color=&#8221;custom&#8221; arrow_width=&#8221;4&#8243; arrow_color=&#8221;#787879&#8243; custom_sparator_width=&#8221;60px&#8221; accent_color=&#8221;#ffffff&#8221;][vc_empty_space][vc_column_text]<strong>Vorteile eines Pro-Pakets:<\/strong><\/p>\n<p>-Kostenpflichtige Webinare<br \/>\n-Bis zu 100 Teilnehmer<br \/>\n-Unbegrenzte Webinardauer<br \/>\n-Aufzeichnungen<br \/>\n-Coupons<br \/>\n[\/vc_column_text][\/vc_column][\/vc_row][vc_row][vc_column][vc_empty_space height=&#8221;60px&#8221;][\/vc_column][\/vc_row][vc_row el_class=&#8221;demoTalebi&#8221;][vc_column width=&#8221;1\/2&#8243; text_align=&#8221;center&#8221; css=&#8221;.vc_custom_1485795100695{background: rgba(0,0,0,0.3) url(http:\/\/www.smile2.com.tr\/wp-content\/uploads\/2015\/07\/yellowlady.jpg?id=17993) !important;background-position: center !important;background-repeat: no-repeat !important;background-size: cover !important;*background-color: rgb(0,0,0) !important;}&#8221;][vc_empty_space height=&#8221;200px&#8221;][vc_custom_heading text=&#8221;Wir beraten Sie gerne&#8221; font_container=&#8221;tag:h2|font_size:32px|text_align:center|color:%23ffffff|line_height:42px&#8221; google_fonts=&#8221;font_family:Lato%3A100%2C100italic%2C300%2C300italic%2Cregular%2Citalic%2C700%2C700italic%2C900%2C900italic|font_style:900%20bold%20regular%3A900%3Anormal&#8221; el_class=&#8221;shadow&#8221;][vc_custom_heading text=&#8221;Haben Sie Fragen oder m\u00f6chten Sie mehr erfahren? Lassen Sie sich gratis von uns zu Themen wie individuelle Anpassungen und zus\u00e4tzlichen Schnittstellen beraten.&#8221; font_container=&#8221;tag:h2|font_size:18px|text_align:center|color:%23ffffff|line_height:28px&#8221; google_fonts=&#8221;font_family:Lato%3A100%2C100italic%2C300%2C300italic%2Cregular%2Citalic%2C700%2C700italic%2C900%2C900italic|font_style:900%20bold%20regular%3A900%3Anormal&#8221; el_class=&#8221;shadow&#8221;]<div class=\"cms-button-wrapper  \">\r\n    <a href=\"#\" class=\"btn  btn btn-primary-color btn-sm btn-small\">\r\n                                                Online Dan\u0131\u015fmanl\u0131k Odas\u0131                    <\/a>\r\n<\/div>[vc_empty_space height=&#8221;20px&#8221;][\/vc_column][vc_column width=&#8221;1\/2&#8243;][vc_custom_heading text=&#8221;Jetzt kostenlosen 14-Tage-Test starten!&#8221; font_container=&#8221;tag:h2|font_size:26px|text_align:left|color:%23222222|line_height:30px&#8221; google_fonts=&#8221;font_family:Lato%3A100%2C100italic%2C300%2C300italic%2Cregular%2Citalic%2C700%2C700italic%2C900%2C900italic|font_style:900%20bold%20regular%3A900%3Anormal&#8221;][vc_empty_space][contact-form-7 404 \"Nicht gefunden\"][\/vc_column][\/vc_row][vc_row][vc_column][vc_empty_space height=&#8221;60px&#8221;][\/vc_column][\/vc_row][vc_row][vc_column][vc_raw_js]JTNDc2NyaXB0JTIwdHlwZSUzRCUyMnRleHQlMkZqYXZhc2NyaXB0JTIyJTNFJTBBalF1ZXJ5JTI4ZG9jdW1lbnQlMjkucmVhZHklMjhmdW5jdGlvbiUyOCUyOSUyMCU3QiUyMCUwQWpRdWVyeSUyOCUyNy5jcy1ibG9nLWNvbnRlbnQlMjAuY21zLXJlYWRtb3JlJTIwYSUyNyUyOS5odG1sJTI4JTI3RGV0YXlsJUM0JUIxJTIwQmlsZ2klMjclMjkuYXR0ciUyOCUyN2hyZWYlMjclMkMlMjclMjMlMjclMjklM0IlMEFqUXVlcnklMjglMjcuY3MtYmxvZy1jb250ZW50JTIwLmNtcy1ibG9nLXRpdGxlJTIwYSUyNyUyOS5hdHRyJTI4JTI3aHJlZiUyNyUyQyUyNyUyMyUyNyUyOSUzQiUwQWpRdWVyeSUyOCUyNy5jcy1ibG9nLWNvbnRlbnQlMjAucmVsZWFzZS1kYXRlJTI3JTI5LmNzcyUyOCUyN2Rpc3BsYXklMjclMkMlMjdub25lJTI3JTI5JTNCJTBBJTdEJTI5JTNCJTBBJTNDJTJGc2NyaXB0JTNF[\/vc_raw_js][\/vc_column][\/vc_row]<\/p>\n","protected":false},"excerpt":{"rendered":"<p>[vc_row type=&#8221;ww-custom&#8221; engle_position=&#8221;engle-bottom-right&#8221; height_engle=&#8221;80px&#8221; engle_color=&#8221;#ffffff&#8221; engle_border_color=&#8221;#e9e9e9&#8243; engle_border_width=&#8221;6&#8243; enable_curve2=&#8221;false&#8221; curve_color2=&#8221;#ffffff&#8221; same_height=&#8221;false&#8221;][vc_column][rev_slider_vc alias=&#8221;fur-online-trainer&#8221;][\/vc_column][\/vc_row][vc_row type=&#8221;ww-custom&#8221; curve_color2=&#8221;#f5f5f5&#8243; css=&#8221;.vc_custom_1488893794292{padding-top: 80px !important;padding-bottom: 50px !important;background-color: #ffffff !important;}&#8221;][vc_column width=&#8221;1\/2&#8243; text_align=&#8221;center&#8221; font_color=&#8221;#13151c&#8221;][vc_empty_space height=&#8221;20px&#8221;][\/vc_column][vc_column width=&#8221;1\/2&#8243;][vc_empty_space height=&#8221;40px&#8221;][vc_custom_heading text=&#8221;Was k\u00f6nnen Sie als Online-Trainer verdienen?&#8221; font_container=&#8221;tag:h2|font_size:24|text_align:left|line_height:50px&#8221;][vc_column_text]Rechenbeispiel: &#8211; Sie bieten 4 Online-Seminare im Monat \u00e0 35 EUR an &#8211; 20 Teilnehmer melden sich pro Online-Seminar an &#8211; Ihr monatlicher [&hellip;]<\/p>\n","protected":false},"author":1,"featured_media":0,"parent":0,"menu_order":0,"comment_status":"closed","ping_status":"closed","template":"","meta":[],"yoast_head":"<!-- This site is optimized with the Yoast SEO plugin v15.6.2 - https:\/\/yoast.com\/wordpress\/plugins\/seo\/ -->\n<title>F\u00fcr Online-Trainer - smile2 T\u00fcrkiye<\/title>\n<meta name=\"robots\" content=\"index, follow, max-snippet:-1, max-image-preview:large, max-video-preview:-1\" \/>\n<link rel=\"canonical\" href=\"https:\/\/www.smile2.com.tr\/de\/fur-online-trainer\/\" \/>\n<meta property=\"og:locale\" content=\"de_DE\" \/>\n<meta property=\"og:type\" content=\"article\" \/>\n<meta property=\"og:title\" content=\"F\u00fcr Online-Trainer - smile2 T\u00fcrkiye\" \/>\n<meta property=\"og:description\" content=\"[vc_row type=&#8221;ww-custom&#8221; engle_position=&#8221;engle-bottom-right&#8221; height_engle=&#8221;80px&#8221; engle_color=&#8221;#ffffff&#8221; engle_border_color=&#8221;#e9e9e9&#8243; engle_border_width=&#8221;6&#8243; enable_curve2=&#8221;false&#8221; curve_color2=&#8221;#ffffff&#8221; same_height=&#8221;false&#8221;][vc_column][rev_slider_vc alias=&#8221;fur-online-trainer&#8221;][\/vc_column][\/vc_row][vc_row type=&#8221;ww-custom&#8221; curve_color2=&#8221;#f5f5f5&#8243; css=&#8221;.vc_custom_1488893794292{padding-top: 80px !important;padding-bottom: 50px !important;background-color: #ffffff !important;}&#8221;][vc_column width=&#8221;1\/2&#8243; text_align=&#8221;center&#8221; font_color=&#8221;#13151c&#8221;][vc_empty_space height=&#8221;20px&#8221;][\/vc_column][vc_column width=&#8221;1\/2&#8243;][vc_empty_space height=&#8221;40px&#8221;][vc_custom_heading text=&#8221;Was k\u00f6nnen Sie als Online-Trainer verdienen?&#8221; font_container=&#8221;tag:h2|font_size:24|text_align:left|line_height:50px&#8221;][vc_column_text]Rechenbeispiel: &#8211; Sie bieten 4 Online-Seminare im Monat \u00e0 35 EUR an &#8211; 20 Teilnehmer melden sich pro Online-Seminar an &#8211; Ihr monatlicher [&hellip;]\" \/>\n<meta property=\"og:url\" content=\"https:\/\/www.smile2.com.tr\/de\/fur-online-trainer\/\" \/>\n<meta property=\"og:site_name\" content=\"smile2 T\u00fcrkiye\" \/>\n<meta property=\"article:modified_time\" content=\"2017-04-01T12:09:47+00:00\" \/>\n<meta name=\"twitter:card\" content=\"summary\" \/>\n<meta name=\"twitter:label1\" content=\"Gesch\u00e4tzte Lesezeit\">\n\t<meta name=\"twitter:data1\" content=\"4\u00a0Minuten\">\n<script type=\"application\/ld+json\" class=\"yoast-schema-graph\">{\"@context\":\"https:\/\/schema.org\",\"@graph\":[{\"@type\":\"WebSite\",\"@id\":\"https:\/\/www.smile2.com.tr\/#website\",\"url\":\"https:\/\/www.smile2.com.tr\/\",\"name\":\"smile2 T\\u00fcrkiye\",\"description\":\"\",\"potentialAction\":[{\"@type\":\"SearchAction\",\"target\":\"https:\/\/www.smile2.com.tr\/?s={search_term_string}\",\"query-input\":\"required name=search_term_string\"}],\"inLanguage\":\"de\"},{\"@type\":\"WebPage\",\"@id\":\"https:\/\/www.smile2.com.tr\/de\/fur-online-trainer\/#webpage\",\"url\":\"https:\/\/www.smile2.com.tr\/de\/fur-online-trainer\/\",\"name\":\"F\\u00fcr Online-Trainer - smile2 T\\u00fcrkiye\",\"isPartOf\":{\"@id\":\"https:\/\/www.smile2.com.tr\/#website\"},\"datePublished\":\"2015-07-20T03:20:24+00:00\",\"dateModified\":\"2017-04-01T12:09:47+00:00\",\"inLanguage\":\"de\",\"potentialAction\":[{\"@type\":\"ReadAction\",\"target\":[\"https:\/\/www.smile2.com.tr\/de\/fur-online-trainer\/\"]}]}]}<\/script>\n<!-- \/ Yoast SEO plugin. -->","_links":{"self":[{"href":"https:\/\/www.smile2.com.tr\/de\/wp-json\/wp\/v2\/pages\/16958"}],"collection":[{"href":"https:\/\/www.smile2.com.tr\/de\/wp-json\/wp\/v2\/pages"}],"about":[{"href":"https:\/\/www.smile2.com.tr\/de\/wp-json\/wp\/v2\/types\/page"}],"author":[{"embeddable":true,"href":"https:\/\/www.smile2.com.tr\/de\/wp-json\/wp\/v2\/users\/1"}],"replies":[{"embeddable":true,"href":"https:\/\/www.smile2.com.tr\/de\/wp-json\/wp\/v2\/comments?post=16958"}],"version-history":[{"count":24,"href":"https:\/\/www.smile2.com.tr\/de\/wp-json\/wp\/v2\/pages\/16958\/revisions"}],"predecessor-version":[{"id":18847,"href":"https:\/\/www.smile2.com.tr\/de\/wp-json\/wp\/v2\/pages\/16958\/revisions\/18847"}],"wp:attachment":[{"href":"https:\/\/www.smile2.com.tr\/de\/wp-json\/wp\/v2\/media?parent=16958"}],"curies":[{"name":"wp","href":"https:\/\/api.w.org\/{rel}","templated":true}]}}